{"id":2945,"date":"2023-04-04T10:00:43","date_gmt":"2023-04-04T08:00:43","guid":{"rendered":"https:\/\/colompac.wearelions.agency\/?post_type=product&#038;p=2945"},"modified":"2025-04-01T08:35:19","modified_gmt":"2025-04-01T06:35:19","slug":"eurobox-fuer-sportartikel","status":"publish","type":"product","link":"https:\/\/www.colompac.com\/de\/produkt\/eurobox-fuer-sportartikel\/","title":{"rendered":"Eurobox f\u00fcr Sportartikel"},"content":{"rendered":"<div class=\"responsive-embed widescreen youtube\"><iframe loading=\"lazy\" title=\"ColomPac\u00ae CP 154 Euroboxen - das beste seit der Erfindung der Palette -  HD 1920 x 1080\" width=\"1170\" height=\"658\" src=\"https:\/\/www.youtube.com\/embed\/UFrxXKCMnpo?list=PLagn-HEc_TsP3yaACAxSsRN8qXJyRHPHI&#038;showinfo=0&#038;rel=0&#038;modestbranding=1\" frameborder=\"0\" allow=\"accelerometer; autoplay; clipboard-write; encrypted-media; gyroscope; picture-in-picture; web-share\" referrerpolicy=\"strict-origin-when-cross-origin\" allowfullscreen><\/iframe><\/div>\n","protected":false},"excerpt":{"rendered":"<p>Eurobox f\u00fcr Sportartikel. Spezielle Z-Faltung f\u00fcr mehr Stabilit\u00e4t und als Eingriffschutz. Schnell aufgebaut durch Automatikboden.<\/p>\n<ul>\n<li>Flexodruck au\u00dfen<\/li>\n<li>Z-Faltung<\/li>\n<li>Automatikboden<\/li>\n<\/ul>\n","protected":false},"featured_media":4432,"comment_status":"open","ping_status":"closed","template":"","meta":[],"product_cat":[363,15],"product_tag":[198,133,195,199],"class_list":["post-2945","product","type-product","status-publish","has-post-thumbnail","hentry","product_cat-alle-produkte","product_cat-individuelle-produkte","product_tag-aussenbedruckung","product_tag-blitzboden","product_tag-flexo","product_tag-paket"],"acf":[],"jetpack_sharing_enabled":true,"_links":{"self":[{"href":"https:\/\/www.colompac.com\/de\/wp-json\/wp\/v2\/product\/2945","targetHints":{"allow":["GET"]}}],"collection":[{"href":"https:\/\/www.colompac.com\/de\/wp-json\/wp\/v2\/product"}],"about":[{"href":"https:\/\/www.colompac.com\/de\/wp-json\/wp\/v2\/types\/product"}],"replies":[{"embeddable":true,"href":"https:\/\/www.colompac.com\/de\/wp-json\/wp\/v2\/comments?post=2945"}],"wp:featuredmedia":[{"embeddable":true,"href":"https:\/\/www.colompac.com\/de\/wp-json\/wp\/v2\/media\/4432"}],"wp:attachment":[{"href":"https:\/\/www.colompac.com\/de\/wp-json\/wp\/v2\/media?parent=2945"}],"wp:term":[{"taxonomy":"product_cat","embeddable":true,"href":"https:\/\/www.colompac.com\/de\/wp-json\/wp\/v2\/product_cat?post=2945"},{"taxonomy":"product_tag","embeddable":true,"href":"https:\/\/www.colompac.com\/de\/wp-json\/wp\/v2\/product_tag?post=2945"}],"curies":[{"name":"wp","href":"https:\/\/api.w.org\/{rel}","templated":true}]}}