{"id":2944,"date":"2023-04-04T09:59:22","date_gmt":"2023-04-04T07:59:22","guid":{"rendered":"https:\/\/colompac.wearelions.agency\/?post_type=product&#038;p=2944"},"modified":"2023-07-12T16:03:20","modified_gmt":"2023-07-12T14:03:20","slug":"hoehenvariabler-versandkarton-fuer-sportmode","status":"publish","type":"product","link":"https:\/\/www.colompac.com\/de\/produkt\/hoehenvariabler-versandkarton-fuer-sportmode\/","title":{"rendered":"H\u00f6henvariabler Versandkarton f\u00fcr Sportmode"},"content":{"rendered":"<div class=\"responsive-embed widescreen youtube\"><iframe loading=\"lazy\" title=\"CP 157 Praesentationsvideo\" width=\"1170\" height=\"658\" src=\"https:\/\/www.youtube.com\/embed\/NwfTmml_ZUg?feature=oembed&#038;showinfo=0&#038;rel=0&#038;modestbranding=1\" frameborder=\"0\" allow=\"accelerometer; autoplay; clipboard-write; encrypted-media; gyroscope; picture-in-picture; web-share\" allowfullscreen><\/iframe><\/div>\n","protected":false},"excerpt":{"rendered":"<p>H\u00f6henvariabler Versandkarton f\u00fcr Sportmode. Variable Packh\u00f6hen durch patentierte Faltung. Mit Flexodruck au\u00dfen.<\/p>\n<ul>\n<li>Flexodruck au\u00dfen<\/li>\n<li>H\u00f6henvariabel<\/li>\n<li>Automatikboden<\/li>\n<\/ul>\n","protected":false},"featured_media":4428,"comment_status":"open","ping_status":"closed","template":"","meta":[],"product_cat":[363,15],"product_tag":[198,133,195,175,132,178,199],"class_list":["post-2944","product","type-product","status-publish","has-post-thumbnail","hentry","product_cat-alle-produkte","product_cat-individuelle-produkte","product_tag-aussenbedruckung","product_tag-blitzboden","product_tag-flexo","product_tag-fsc","product_tag-hoehenvariabel","product_tag-nachhaltig","product_tag-paket"],"acf":[],"jetpack_sharing_enabled":true,"_links":{"self":[{"href":"https:\/\/www.colompac.com\/de\/wp-json\/wp\/v2\/product\/2944","targetHints":{"allow":["GET"]}}],"collection":[{"href":"https:\/\/www.colompac.com\/de\/wp-json\/wp\/v2\/product"}],"about":[{"href":"https:\/\/www.colompac.com\/de\/wp-json\/wp\/v2\/types\/product"}],"replies":[{"embeddable":true,"href":"https:\/\/www.colompac.com\/de\/wp-json\/wp\/v2\/comments?post=2944"}],"wp:featuredmedia":[{"embeddable":true,"href":"https:\/\/www.colompac.com\/de\/wp-json\/wp\/v2\/media\/4428"}],"wp:attachment":[{"href":"https:\/\/www.colompac.com\/de\/wp-json\/wp\/v2\/media?parent=2944"}],"wp:term":[{"taxonomy":"product_cat","embeddable":true,"href":"https:\/\/www.colompac.com\/de\/wp-json\/wp\/v2\/product_cat?post=2944"},{"taxonomy":"product_tag","embeddable":true,"href":"https:\/\/www.colompac.com\/de\/wp-json\/wp\/v2\/product_tag?post=2944"}],"curies":[{"name":"wp","href":"https:\/\/api.w.org\/{rel}","templated":true}]}}