{"id":2942,"date":"2023-04-04T09:53:55","date_gmt":"2023-04-04T07:53:55","guid":{"rendered":"https:\/\/colompac.wearelions.agency\/?post_type=product&#038;p=2942"},"modified":"2025-10-22T08:35:09","modified_gmt":"2025-10-22T06:35:09","slug":"versandverpackung-fuer-kosmetikartikel-2","status":"publish","type":"product","link":"https:\/\/www.colompac.com\/de\/produkt\/versandverpackung-fuer-kosmetikartikel-2\/","title":{"rendered":"Versandverpackung f\u00fcr Kosmetikartikel"},"content":{"rendered":"<div class=\"responsive-embed widescreen youtube\"><iframe loading=\"lazy\" title=\"ColomPac\u00ae CP 065 Portooptimiertes Kurierpaket \u2013 HD 1920 x 1080\" width=\"1170\" height=\"658\" src=\"https:\/\/www.youtube.com\/embed\/h84v1A_KFvs?feature=oembed&#038;showinfo=0&#038;rel=0&#038;modestbranding=1\" frameborder=\"0\" allow=\"accelerometer; autoplay; clipboard-write; encrypted-media; gyroscope; picture-in-picture; web-share\" referrerpolicy=\"strict-origin-when-cross-origin\" allowfullscreen><\/iframe><\/div>\n","protected":false},"excerpt":{"rendered":"<p>Versandverpackung f\u00fcr Kosmetikartikel. Au\u00dfen Flexodruck, innen mit Offsetdruck. 4-Punkt-Klebung f\u00fcr einen schnellen und effizienten Abpackprozess.<\/p>\n<ul>\n<li>Flexodruck au\u00dfen<\/li>\n<li>Offsetdruck innen<\/li>\n<li>4-Punkt-Klebung<\/li>\n<\/ul>\n","protected":false},"featured_media":14733,"comment_status":"open","ping_status":"closed","template":"","meta":[],"product_cat":[363,15],"product_tag":[198,195,175,197,178,201],"class_list":["post-2942","product","type-product","status-publish","has-post-thumbnail","hentry","product_cat-alle-produkte","product_cat-individuelle-produkte","product_tag-aussenbedruckung","product_tag-flexo","product_tag-fsc","product_tag-innenbedruckung","product_tag-nachhaltig","product_tag-offset"],"acf":[],"jetpack_sharing_enabled":true,"_links":{"self":[{"href":"https:\/\/www.colompac.com\/de\/wp-json\/wp\/v2\/product\/2942","targetHints":{"allow":["GET"]}}],"collection":[{"href":"https:\/\/www.colompac.com\/de\/wp-json\/wp\/v2\/product"}],"about":[{"href":"https:\/\/www.colompac.com\/de\/wp-json\/wp\/v2\/types\/product"}],"replies":[{"embeddable":true,"href":"https:\/\/www.colompac.com\/de\/wp-json\/wp\/v2\/comments?post=2942"}],"wp:featuredmedia":[{"embeddable":true,"href":"https:\/\/www.colompac.com\/de\/wp-json\/wp\/v2\/media\/14733"}],"wp:attachment":[{"href":"https:\/\/www.colompac.com\/de\/wp-json\/wp\/v2\/media?parent=2942"}],"wp:term":[{"taxonomy":"product_cat","embeddable":true,"href":"https:\/\/www.colompac.com\/de\/wp-json\/wp\/v2\/product_cat?post=2942"},{"taxonomy":"product_tag","embeddable":true,"href":"https:\/\/www.colompac.com\/de\/wp-json\/wp\/v2\/product_tag?post=2942"}],"curies":[{"name":"wp","href":"https:\/\/api.w.org\/{rel}","templated":true}]}}