{"id":2940,"date":"2023-04-04T09:50:30","date_gmt":"2023-04-04T07:50:30","guid":{"rendered":"https:\/\/colompac.wearelions.agency\/?post_type=product&#038;p=2940"},"modified":"2023-07-12T16:03:22","modified_gmt":"2023-07-12T14:03:22","slug":"automatikbodenkartons-fuer-sportartikel","status":"publish","type":"product","link":"https:\/\/www.colompac.com\/de\/produkt\/automatikbodenkartons-fuer-sportartikel\/","title":{"rendered":"Automatikbodenkartons f\u00fcr Sportartikel"},"content":{"rendered":"<div class=\"responsive-embed widescreen youtube\"><iframe loading=\"lazy\" title=\"ColomPac\u00ae CP 141\/CP 151 Blitzbodenkarton - HD 1920 x 1080\" width=\"1170\" height=\"658\" src=\"https:\/\/www.youtube.com\/embed\/b5V2GbkVOAs?feature=oembed&#038;showinfo=0&#038;rel=0&#038;modestbranding=1\" frameborder=\"0\" allow=\"accelerometer; autoplay; clipboard-write; encrypted-media; gyroscope; picture-in-picture; web-share\" allowfullscreen><\/iframe><\/div>\n","protected":false},"excerpt":{"rendered":"<p>Automatikbodenkarton f\u00fcr Sportartikel mit Flexodruck au\u00dfen. Schnell aufgebaut durch Automatikboden. Mit doppeltem Selbstklebeverschluss f\u00fcr mehr Stabilit\u00e4t.<\/p>\n<ul>\n<li>Flexodruck au\u00dfen<\/li>\n<li>Automatikboden<\/li>\n<\/ul>\n","protected":false},"featured_media":4412,"comment_status":"open","ping_status":"closed","template":"","meta":[],"product_cat":[363,15],"product_tag":[198,133,156,195,175,178,199],"class_list":["post-2940","product","type-product","status-publish","has-post-thumbnail","hentry","product_cat-alle-produkte","product_cat-individuelle-produkte","product_tag-aussenbedruckung","product_tag-blitzboden","product_tag-doppelter-selbstklebeverschluss","product_tag-flexo","product_tag-fsc","product_tag-nachhaltig","product_tag-paket"],"acf":[],"jetpack_sharing_enabled":true,"_links":{"self":[{"href":"https:\/\/www.colompac.com\/de\/wp-json\/wp\/v2\/product\/2940","targetHints":{"allow":["GET"]}}],"collection":[{"href":"https:\/\/www.colompac.com\/de\/wp-json\/wp\/v2\/product"}],"about":[{"href":"https:\/\/www.colompac.com\/de\/wp-json\/wp\/v2\/types\/product"}],"replies":[{"embeddable":true,"href":"https:\/\/www.colompac.com\/de\/wp-json\/wp\/v2\/comments?post=2940"}],"wp:featuredmedia":[{"embeddable":true,"href":"https:\/\/www.colompac.com\/de\/wp-json\/wp\/v2\/media\/4412"}],"wp:attachment":[{"href":"https:\/\/www.colompac.com\/de\/wp-json\/wp\/v2\/media?parent=2940"}],"wp:term":[{"taxonomy":"product_cat","embeddable":true,"href":"https:\/\/www.colompac.com\/de\/wp-json\/wp\/v2\/product_cat?post=2940"},{"taxonomy":"product_tag","embeddable":true,"href":"https:\/\/www.colompac.com\/de\/wp-json\/wp\/v2\/product_tag?post=2940"}],"curies":[{"name":"wp","href":"https:\/\/api.w.org\/{rel}","templated":true}]}}