{"id":2937,"date":"2023-04-04T09:18:15","date_gmt":"2023-04-04T07:18:15","guid":{"rendered":"https:\/\/colompac.wearelions.agency\/?post_type=product&#038;p=2937"},"modified":"2025-10-22T08:27:59","modified_gmt":"2025-10-22T06:27:59","slug":"verpackungslinie-fuer-outdoormarke","status":"publish","type":"product","link":"https:\/\/www.colompac.com\/de\/produkt\/verpackungslinie-fuer-outdoormarke\/","title":{"rendered":"Verpackungslinie f\u00fcr Outdoormarke"},"content":{"rendered":"<div class=\"responsive-embed widescreen youtube\"><iframe loading=\"lazy\" title=\"ColomPac\u00ae - Sie werden kaum eine bessere Verpackung finden.\" width=\"1170\" height=\"658\" src=\"https:\/\/www.youtube.com\/embed\/Ibj9j2qJy_w?list=PLagn-HEc_TsP3yaACAxSsRN8qXJyRHPHI&#038;showinfo=0&#038;rel=0&#038;modestbranding=1\" frameborder=\"0\" allow=\"accelerometer; autoplay; clipboard-write; encrypted-media; gyroscope; picture-in-picture; web-share\" referrerpolicy=\"strict-origin-when-cross-origin\" allowfullscreen><\/iframe><\/div>\n","protected":false},"excerpt":{"rendered":"<p>Versandverpackungen f\u00fcr Outdoormarke. Durchg\u00e4ngige Gestaltung: au\u00dfen mit Flexodruck, innen kaschiert mit Offsetdruck.<\/p>\n<ul>\n<li>Flexodruck au\u00dfen<\/li>\n<li>Offsetdruck innen<\/li>\n<\/ul>\n","protected":false},"featured_media":14717,"comment_status":"open","ping_status":"closed","template":"","meta":[],"product_cat":[363,15],"product_tag":[198,195,175,197,178,201,199,135],"class_list":["post-2937","product","type-product","status-publish","has-post-thumbnail","hentry","product_cat-alle-produkte","product_cat-individuelle-produkte","product_tag-aussenbedruckung","product_tag-flexo","product_tag-fsc","product_tag-innenbedruckung","product_tag-nachhaltig","product_tag-offset","product_tag-paket","product_tag-ruecksendeverschluss"],"acf":[],"jetpack_sharing_enabled":true,"_links":{"self":[{"href":"https:\/\/www.colompac.com\/de\/wp-json\/wp\/v2\/product\/2937","targetHints":{"allow":["GET"]}}],"collection":[{"href":"https:\/\/www.colompac.com\/de\/wp-json\/wp\/v2\/product"}],"about":[{"href":"https:\/\/www.colompac.com\/de\/wp-json\/wp\/v2\/types\/product"}],"replies":[{"embeddable":true,"href":"https:\/\/www.colompac.com\/de\/wp-json\/wp\/v2\/comments?post=2937"}],"wp:featuredmedia":[{"embeddable":true,"href":"https:\/\/www.colompac.com\/de\/wp-json\/wp\/v2\/media\/14717"}],"wp:attachment":[{"href":"https:\/\/www.colompac.com\/de\/wp-json\/wp\/v2\/media?parent=2937"}],"wp:term":[{"taxonomy":"product_cat","embeddable":true,"href":"https:\/\/www.colompac.com\/de\/wp-json\/wp\/v2\/product_cat?post=2937"},{"taxonomy":"product_tag","embeddable":true,"href":"https:\/\/www.colompac.com\/de\/wp-json\/wp\/v2\/product_tag?post=2937"}],"curies":[{"name":"wp","href":"https:\/\/api.w.org\/{rel}","templated":true}]}}