{"id":2929,"date":"2023-04-03T17:19:13","date_gmt":"2023-04-03T15:19:13","guid":{"rendered":"https:\/\/colompac.wearelions.agency\/?post_type=product&#038;p=2929"},"modified":"2023-07-13T12:43:42","modified_gmt":"2023-07-13T10:43:42","slug":"hoehenvariabler-versandkarton-fuer-outdoormode-und-accessoires","status":"publish","type":"product","link":"https:\/\/www.colompac.com\/de\/produkt\/hoehenvariabler-versandkarton-fuer-outdoormode-und-accessoires\/","title":{"rendered":"H\u00f6henvariabler Versandkarton f\u00fcr Outdoormode"},"content":{"rendered":"<div class=\"responsive-embed widescreen youtube\"><iframe loading=\"lazy\" title=\"CP 157 Praesentationsvideo\" width=\"1170\" height=\"658\" src=\"https:\/\/www.youtube.com\/embed\/NwfTmml_ZUg?feature=oembed&#038;showinfo=0&#038;rel=0&#038;modestbranding=1\" frameborder=\"0\" allow=\"accelerometer; autoplay; clipboard-write; encrypted-media; gyroscope; picture-in-picture; web-share\" allowfullscreen><\/iframe><\/div>\n","protected":false},"excerpt":{"rendered":"<p>H\u00f6henvariabler Versandkarton f\u00fcr Outdoormode- und Accessoires. Variable Packh\u00f6hen durch patentierte Faltung. Innen mit Offsetdruck kaschiert.<\/p>\n<ul>\n<li>Offsetdruck innen<\/li>\n<li>H\u00f6henvariabel<\/li>\n<li>Automatikboden<\/li>\n<\/ul>\n","protected":false},"featured_media":4364,"comment_status":"open","ping_status":"closed","template":"","meta":[],"product_cat":[363,15],"product_tag":[133,175,197,178,201,199],"class_list":["post-2929","product","type-product","status-publish","has-post-thumbnail","hentry","product_cat-alle-produkte","product_cat-individuelle-produkte","product_tag-blitzboden","product_tag-fsc","product_tag-innenbedruckung","product_tag-nachhaltig","product_tag-offset","product_tag-paket"],"acf":[],"jetpack_sharing_enabled":true,"_links":{"self":[{"href":"https:\/\/www.colompac.com\/de\/wp-json\/wp\/v2\/product\/2929","targetHints":{"allow":["GET"]}}],"collection":[{"href":"https:\/\/www.colompac.com\/de\/wp-json\/wp\/v2\/product"}],"about":[{"href":"https:\/\/www.colompac.com\/de\/wp-json\/wp\/v2\/types\/product"}],"replies":[{"embeddable":true,"href":"https:\/\/www.colompac.com\/de\/wp-json\/wp\/v2\/comments?post=2929"}],"wp:featuredmedia":[{"embeddable":true,"href":"https:\/\/www.colompac.com\/de\/wp-json\/wp\/v2\/media\/4364"}],"wp:attachment":[{"href":"https:\/\/www.colompac.com\/de\/wp-json\/wp\/v2\/media?parent=2929"}],"wp:term":[{"taxonomy":"product_cat","embeddable":true,"href":"https:\/\/www.colompac.com\/de\/wp-json\/wp\/v2\/product_cat?post=2929"},{"taxonomy":"product_tag","embeddable":true,"href":"https:\/\/www.colompac.com\/de\/wp-json\/wp\/v2\/product_tag?post=2929"}],"curies":[{"name":"wp","href":"https:\/\/api.w.org\/{rel}","templated":true}]}}