{"id":2910,"date":"2023-04-03T16:41:22","date_gmt":"2023-04-03T14:41:22","guid":{"rendered":"https:\/\/colompac.wearelions.agency\/?post_type=product&#038;p=2910"},"modified":"2025-10-21T17:10:11","modified_gmt":"2025-10-21T15:10:11","slug":"versandtasche-mit-logodruck","status":"publish","type":"product","link":"https:\/\/www.colompac.com\/de\/produkt\/versandtasche-mit-logodruck\/","title":{"rendered":"Versandtasche mit Logodruck"},"content":{"rendered":"<div class=\"responsive-embed widescreen youtube\"><iframe loading=\"lazy\" title=\"ColomPac\u00ae CP 010 Starke Versandtasche aus Wellpappe - HD 1920 x 1080HR\" width=\"1170\" height=\"658\" src=\"https:\/\/www.youtube.com\/embed\/xMb7L8nauOo?list=UUnLOwS8ALUOrYjO2Z_YcgRg&#038;showinfo=0&#038;rel=0&#038;modestbranding=1\" frameborder=\"0\" allow=\"accelerometer; autoplay; clipboard-write; encrypted-media; gyroscope; picture-in-picture; web-share\" referrerpolicy=\"strict-origin-when-cross-origin\" allowfullscreen><\/iframe><\/div>\n","protected":false},"excerpt":{"rendered":"<p>Versandtasche aus Wellpappe mit schwarzem Flexodruck f\u00fcr den Versand von Kopfh\u00f6rern. Variable F\u00fcllh\u00f6he.<\/p>\n<ul>\n<li>Flexodruck au\u00dfen<\/li>\n<li>H\u00f6henvariabel<\/li>\n<\/ul>\n","protected":false},"featured_media":14701,"comment_status":"open","ping_status":"closed","template":"","meta":[],"product_cat":[363,15],"product_tag":[198,195,175,132,203,202],"class_list":["post-2910","product","type-product","status-publish","has-post-thumbnail","hentry","product_cat-alle-produkte","product_cat-individuelle-produkte","product_tag-aussenbedruckung","product_tag-flexo","product_tag-fsc","product_tag-hoehenvariabel","product_tag-portooptimiert","product_tag-versandtasche"],"acf":[],"jetpack_sharing_enabled":true,"_links":{"self":[{"href":"https:\/\/www.colompac.com\/de\/wp-json\/wp\/v2\/product\/2910","targetHints":{"allow":["GET"]}}],"collection":[{"href":"https:\/\/www.colompac.com\/de\/wp-json\/wp\/v2\/product"}],"about":[{"href":"https:\/\/www.colompac.com\/de\/wp-json\/wp\/v2\/types\/product"}],"replies":[{"embeddable":true,"href":"https:\/\/www.colompac.com\/de\/wp-json\/wp\/v2\/comments?post=2910"}],"wp:featuredmedia":[{"embeddable":true,"href":"https:\/\/www.colompac.com\/de\/wp-json\/wp\/v2\/media\/14701"}],"wp:attachment":[{"href":"https:\/\/www.colompac.com\/de\/wp-json\/wp\/v2\/media?parent=2910"}],"wp:term":[{"taxonomy":"product_cat","embeddable":true,"href":"https:\/\/www.colompac.com\/de\/wp-json\/wp\/v2\/product_cat?post=2910"},{"taxonomy":"product_tag","embeddable":true,"href":"https:\/\/www.colompac.com\/de\/wp-json\/wp\/v2\/product_tag?post=2910"}],"curies":[{"name":"wp","href":"https:\/\/api.w.org\/{rel}","templated":true}]}}