{"id":2904,"date":"2023-04-03T16:31:23","date_gmt":"2023-04-03T14:31:23","guid":{"rendered":"https:\/\/colompac.wearelions.agency\/?post_type=product&#038;p=2904"},"modified":"2025-10-22T07:38:12","modified_gmt":"2025-10-22T05:38:12","slug":"ersatzteilversand","status":"publish","type":"product","link":"https:\/\/www.colompac.com\/de\/produkt\/ersatzteilversand\/","title":{"rendered":"Ersatzteilversand ohne F\u00fcllmaterial"},"content":{"rendered":"<div class=\"responsive-embed widescreen youtube\"><iframe loading=\"lazy\" title=\"ColomPac\u00ae CP 035 Starke Universal-Versandverpackung - HD 1920 x 1080\" width=\"1170\" height=\"658\" src=\"https:\/\/www.youtube.com\/embed\/nB5JqIIv-2Y?feature=oembed&#038;showinfo=0&#038;rel=0&#038;modestbranding=1\" frameborder=\"0\" allow=\"accelerometer; autoplay; clipboard-write; encrypted-media; gyroscope; picture-in-picture; web-share\" referrerpolicy=\"strict-origin-when-cross-origin\" allowfullscreen><\/iframe><\/div>\n<p>&nbsp;<\/p>\n","protected":false},"excerpt":{"rendered":"<p>Starke Wickelverpackung f\u00fcr Industriekomponenten mit Flexodruck. H\u00f6henvariabel und umlaufender Kantenschutz f\u00fcr einen sicheren Versand.<\/p>\n<ul>\n<li>Flexodruck au\u00dfen<\/li>\n<li>H\u00f6henvariabel<\/li>\n<li>Umlaufender Kantenschutz<\/li>\n<\/ul>\n","protected":false},"featured_media":14725,"comment_status":"open","ping_status":"closed","template":"","meta":[],"product_cat":[363,15],"product_tag":[198,195,175,132,203,137,204],"class_list":["post-2904","product","type-product","status-publish","has-post-thumbnail","hentry","product_cat-alle-produkte","product_cat-individuelle-produkte","product_tag-aussenbedruckung","product_tag-flexo","product_tag-fsc","product_tag-hoehenvariabel","product_tag-portooptimiert","product_tag-umlaufender-kantenschutz","product_tag-wickelverpackung"],"acf":[],"jetpack_sharing_enabled":true,"_links":{"self":[{"href":"https:\/\/www.colompac.com\/de\/wp-json\/wp\/v2\/product\/2904","targetHints":{"allow":["GET"]}}],"collection":[{"href":"https:\/\/www.colompac.com\/de\/wp-json\/wp\/v2\/product"}],"about":[{"href":"https:\/\/www.colompac.com\/de\/wp-json\/wp\/v2\/types\/product"}],"replies":[{"embeddable":true,"href":"https:\/\/www.colompac.com\/de\/wp-json\/wp\/v2\/comments?post=2904"}],"wp:featuredmedia":[{"embeddable":true,"href":"https:\/\/www.colompac.com\/de\/wp-json\/wp\/v2\/media\/14725"}],"wp:attachment":[{"href":"https:\/\/www.colompac.com\/de\/wp-json\/wp\/v2\/media?parent=2904"}],"wp:term":[{"taxonomy":"product_cat","embeddable":true,"href":"https:\/\/www.colompac.com\/de\/wp-json\/wp\/v2\/product_cat?post=2904"},{"taxonomy":"product_tag","embeddable":true,"href":"https:\/\/www.colompac.com\/de\/wp-json\/wp\/v2\/product_tag?post=2904"}],"curies":[{"name":"wp","href":"https:\/\/api.w.org\/{rel}","templated":true}]}}