{"id":2902,"date":"2023-04-03T16:27:22","date_gmt":"2023-04-03T14:27:22","guid":{"rendered":"https:\/\/colompac.wearelions.agency\/?post_type=product&#038;p=2902"},"modified":"2023-07-13T12:54:43","modified_gmt":"2023-07-13T10:54:43","slug":"hoehenvariabler-versandkarton","status":"publish","type":"product","link":"https:\/\/www.colompac.com\/de\/produkt\/hoehenvariabler-versandkarton\/","title":{"rendered":"H\u00f6henvariabler Versandkarton aus 100% Recyclingmaterial"},"content":{"rendered":"<div class=\"responsive-embed widescreen youtube\"><iframe loading=\"lazy\" title=\"CP 157 Praesentationsvideo\" width=\"1170\" height=\"658\" src=\"https:\/\/www.youtube.com\/embed\/NwfTmml_ZUg?feature=oembed&#038;showinfo=0&#038;rel=0&#038;modestbranding=1\" frameborder=\"0\" allow=\"accelerometer; autoplay; clipboard-write; encrypted-media; gyroscope; picture-in-picture; web-share\" allowfullscreen><\/iframe><\/div>\n","protected":false},"excerpt":{"rendered":"<p>H\u00f6henvariabler Versandkarton mit Flexodruck innen und au\u00dfen f\u00fcr Outdoormarke. Variable Packh\u00f6hen durch patentierte Faltung.<\/p>\n<ul>\n<li>Flexodruck au\u00dfen<\/li>\n<li>Offsetdruck innen<\/li>\n<li>H\u00f6henvariabel<\/li>\n<li>Automatikboden<\/li>\n<\/ul>\n","protected":false},"featured_media":4256,"comment_status":"open","ping_status":"closed","template":"","meta":[],"product_cat":[363,15],"product_tag":[198,133,156,195,175,132,197,178,199,135],"class_list":["post-2902","product","type-product","status-publish","has-post-thumbnail","hentry","product_cat-alle-produkte","product_cat-individuelle-produkte","product_tag-aussenbedruckung","product_tag-blitzboden","product_tag-doppelter-selbstklebeverschluss","product_tag-flexo","product_tag-fsc","product_tag-hoehenvariabel","product_tag-innenbedruckung","product_tag-nachhaltig","product_tag-paket","product_tag-ruecksendeverschluss"],"acf":[],"jetpack_sharing_enabled":true,"_links":{"self":[{"href":"https:\/\/www.colompac.com\/de\/wp-json\/wp\/v2\/product\/2902","targetHints":{"allow":["GET"]}}],"collection":[{"href":"https:\/\/www.colompac.com\/de\/wp-json\/wp\/v2\/product"}],"about":[{"href":"https:\/\/www.colompac.com\/de\/wp-json\/wp\/v2\/types\/product"}],"replies":[{"embeddable":true,"href":"https:\/\/www.colompac.com\/de\/wp-json\/wp\/v2\/comments?post=2902"}],"wp:featuredmedia":[{"embeddable":true,"href":"https:\/\/www.colompac.com\/de\/wp-json\/wp\/v2\/media\/4256"}],"wp:attachment":[{"href":"https:\/\/www.colompac.com\/de\/wp-json\/wp\/v2\/media?parent=2902"}],"wp:term":[{"taxonomy":"product_cat","embeddable":true,"href":"https:\/\/www.colompac.com\/de\/wp-json\/wp\/v2\/product_cat?post=2902"},{"taxonomy":"product_tag","embeddable":true,"href":"https:\/\/www.colompac.com\/de\/wp-json\/wp\/v2\/product_tag?post=2902"}],"curies":[{"name":"wp","href":"https:\/\/api.w.org\/{rel}","templated":true}]}}