{"id":2895,"date":"2023-04-03T16:06:59","date_gmt":"2023-04-03T14:06:59","guid":{"rendered":"https:\/\/colompac.wearelions.agency\/?post_type=product&#038;p=2895"},"modified":"2025-10-22T08:02:09","modified_gmt":"2025-10-22T06:02:09","slug":"bedruckter-versandkarton-fuer-kosmetikartikel","status":"publish","type":"product","link":"https:\/\/www.colompac.com\/de\/produkt\/bedruckter-versandkarton-fuer-kosmetikartikel\/","title":{"rendered":"Innen und au\u00dfen bedruckter Versandkarton f\u00fcr Kosmetikartikel"},"content":{"rendered":"<div class=\"responsive-embed widescreen youtube\"><iframe loading=\"lazy\" title=\"ColomPac\u00ae CP 155 Premium Blitzbodenkarton \u2014 Hin- und R\u00fcckversand in einer Box - HD 1920 x 1080\" width=\"1170\" height=\"658\" src=\"https:\/\/www.youtube.com\/embed\/irDwTbI0vis?feature=oembed&#038;showinfo=0&#038;rel=0&#038;modestbranding=1\" frameborder=\"0\" allow=\"accelerometer; autoplay; clipboard-write; encrypted-media; gyroscope; picture-in-picture; web-share\" referrerpolicy=\"strict-origin-when-cross-origin\" allowfullscreen><\/iframe><\/div>\n","protected":false},"excerpt":{"rendered":"<p>Versandkarton f\u00fcr Kosmetikartikel mit Flexodruck innen und au\u00dfen. Schnell aufgerichtet mit Automatikboden. Mit seitlicher Z-Faltung f\u00fcr mehr Stabilit\u00e4t und als Eingriffschutz.<\/p>\n<ul>\n<li>Flexodruck au\u00dfen und innen<\/li>\n<li>Z-Faltung<\/li>\n<li>Automatikboden<\/li>\n<\/ul>\n","protected":false},"featured_media":4240,"comment_status":"open","ping_status":"closed","template":"","meta":[],"product_cat":[363,15],"product_tag":[198,133,195,175,197,199],"class_list":["post-2895","product","type-product","status-publish","has-post-thumbnail","hentry","product_cat-alle-produkte","product_cat-individuelle-produkte","product_tag-aussenbedruckung","product_tag-blitzboden","product_tag-flexo","product_tag-fsc","product_tag-innenbedruckung","product_tag-paket"],"acf":[],"jetpack_sharing_enabled":true,"_links":{"self":[{"href":"https:\/\/www.colompac.com\/de\/wp-json\/wp\/v2\/product\/2895","targetHints":{"allow":["GET"]}}],"collection":[{"href":"https:\/\/www.colompac.com\/de\/wp-json\/wp\/v2\/product"}],"about":[{"href":"https:\/\/www.colompac.com\/de\/wp-json\/wp\/v2\/types\/product"}],"replies":[{"embeddable":true,"href":"https:\/\/www.colompac.com\/de\/wp-json\/wp\/v2\/comments?post=2895"}],"wp:featuredmedia":[{"embeddable":true,"href":"https:\/\/www.colompac.com\/de\/wp-json\/wp\/v2\/media\/4240"}],"wp:attachment":[{"href":"https:\/\/www.colompac.com\/de\/wp-json\/wp\/v2\/media?parent=2895"}],"wp:term":[{"taxonomy":"product_cat","embeddable":true,"href":"https:\/\/www.colompac.com\/de\/wp-json\/wp\/v2\/product_cat?post=2895"},{"taxonomy":"product_tag","embeddable":true,"href":"https:\/\/www.colompac.com\/de\/wp-json\/wp\/v2\/product_tag?post=2895"}],"curies":[{"name":"wp","href":"https:\/\/api.w.org\/{rel}","templated":true}]}}