{"id":17253,"date":"2024-10-09T08:45:02","date_gmt":"2024-10-09T06:45:02","guid":{"rendered":"https:\/\/www.colompac.com\/?post_type=product&#038;p=17253"},"modified":"2025-10-22T09:45:29","modified_gmt":"2025-10-22T07:45:29","slug":"cp-010-84-235-x-340-x-72-mm","status":"publish","type":"product","link":"https:\/\/www.colompac.com\/de\/produkt\/cp-010-84-235-x-340-x-72-mm\/","title":{"rendered":"CP 010.84 (235 x 340 x -72 mm)"},"content":{"rendered":"<div id='gallery-1' class='gallery galleryid-17253 gallery-columns-4 gallery-size-full'><figure class='gallery-item'>\n\t\t\t<div class='gallery-icon landscape'>\n\t\t\t\t<a href='https:\/\/www.colompac.com\/de\/?attachment_id=17140'><img loading=\"lazy\" decoding=\"async\" width=\"500\" height=\"500\" src=\"https:\/\/www.colompac.com\/wp-content\/uploads\/2024\/10\/Detail_CP010_84_Hoehe.webp\" class=\"attachment-full size-full\" alt=\"Rotes Buch, in brauner ge\u00f6ffneten Versandtasche. Teilweise abgezogner roter ColomPac\u00ae-Selbstklebeverschluss sichtbar.\" aria-describedby=\"gallery-1-17140\" srcset=\"https:\/\/www.colompac.com\/wp-content\/uploads\/2024\/10\/Detail_CP010_84_Hoehe.webp 500w, https:\/\/www.colompac.com\/wp-content\/uploads\/2024\/10\/Detail_CP010_84_Hoehe-150x150.webp 150w, https:\/\/www.colompac.com\/wp-content\/uploads\/2024\/10\/Detail_CP010_84_Hoehe-300x300.webp 300w, https:\/\/www.colompac.com\/wp-content\/uploads\/2024\/10\/Detail_CP010_84_Hoehe-200x200.webp 200w, https:\/\/www.colompac.com\/wp-content\/uploads\/2024\/10\/Detail_CP010_84_Hoehe-100x100.webp 100w, https:\/\/www.colompac.com\/wp-content\/uploads\/2024\/10\/Detail_CP010_84_Hoehe-380x380.webp 380w, https:\/\/www.colompac.com\/wp-content\/uploads\/2024\/10\/Detail_CP010_84_Hoehe-20x20.webp 20w, https:\/\/www.colompac.com\/wp-content\/uploads\/2024\/10\/Detail_CP010_84_Hoehe-190x190.webp 190w\" sizes=\"auto, (max-width: 500px) 100vw, 500px\" \/><\/a>\n\t\t\t<\/div>\n\t\t\t\t<figcaption class='wp-caption-text gallery-caption' id='gallery-1-17140'>\n\t\t\t\tVariable F\u00fcllh\u00f6he bis 72 mm\n\t\t\t\t<\/figcaption><\/figure><figure class='gallery-item'>\n\t\t\t<div class='gallery-icon landscape'>\n\t\t\t\t<a href='https:\/\/www.colompac.com\/de\/?attachment_id=15061'><img loading=\"lazy\" decoding=\"async\" width=\"500\" height=\"500\" src=\"https:\/\/www.colompac.com\/wp-content\/uploads\/2023\/07\/Detail_CP010_SK_v2.webp\" class=\"attachment-full size-full\" alt=\"Nahaufnahme eines Kartonpakets mit teilweise abgezogenen roten ColomPac\u00ae-Selbstklebeverschluss.\" aria-describedby=\"gallery-1-15061\" srcset=\"https:\/\/www.colompac.com\/wp-content\/uploads\/2023\/07\/Detail_CP010_SK_v2.webp 500w, https:\/\/www.colompac.com\/wp-content\/uploads\/2023\/07\/Detail_CP010_SK_v2-150x150.webp 150w, https:\/\/www.colompac.com\/wp-content\/uploads\/2023\/07\/Detail_CP010_SK_v2-300x300.webp 300w, https:\/\/www.colompac.com\/wp-content\/uploads\/2023\/07\/Detail_CP010_SK_v2-200x200.webp 200w, https:\/\/www.colompac.com\/wp-content\/uploads\/2023\/07\/Detail_CP010_SK_v2-100x100.webp 100w, https:\/\/www.colompac.com\/wp-content\/uploads\/2023\/07\/Detail_CP010_SK_v2-380x380.webp 380w, https:\/\/www.colompac.com\/wp-content\/uploads\/2023\/07\/Detail_CP010_SK_v2-20x20.webp 20w, https:\/\/www.colompac.com\/wp-content\/uploads\/2023\/07\/Detail_CP010_SK_v2-190x190.webp 190w\" sizes=\"auto, (max-width: 500px) 100vw, 500px\" \/><\/a>\n\t\t\t<\/div>\n\t\t\t\t<figcaption class='wp-caption-text gallery-caption' id='gallery-1-15061'>\n\t\t\t\tColomPac\u00ae Selbstklebeverschluss\n\t\t\t\t<\/figcaption><\/figure><figure class='gallery-item'>\n\t\t\t<div class='gallery-icon landscape'>\n\t\t\t\t<a href='https:\/\/www.colompac.com\/de\/?attachment_id=15053'><img loading=\"lazy\" decoding=\"async\" width=\"500\" height=\"500\" src=\"https:\/\/www.colompac.com\/wp-content\/uploads\/2023\/07\/Detail_CP010_AF_v2.webp\" class=\"attachment-full size-full\" alt=\"Nahaufnahme eines Kartons mit teilweise abgezogenem roten Aufrei\u00dffaden zum einfachen \u00d6ffnen.\" aria-describedby=\"gallery-1-15053\" srcset=\"https:\/\/www.colompac.com\/wp-content\/uploads\/2023\/07\/Detail_CP010_AF_v2.webp 500w, https:\/\/www.colompac.com\/wp-content\/uploads\/2023\/07\/Detail_CP010_AF_v2-150x150.webp 150w, https:\/\/www.colompac.com\/wp-content\/uploads\/2023\/07\/Detail_CP010_AF_v2-300x300.webp 300w, https:\/\/www.colompac.com\/wp-content\/uploads\/2023\/07\/Detail_CP010_AF_v2-200x200.webp 200w, https:\/\/www.colompac.com\/wp-content\/uploads\/2023\/07\/Detail_CP010_AF_v2-100x100.webp 100w, https:\/\/www.colompac.com\/wp-content\/uploads\/2023\/07\/Detail_CP010_AF_v2-380x380.webp 380w, https:\/\/www.colompac.com\/wp-content\/uploads\/2023\/07\/Detail_CP010_AF_v2-20x20.webp 20w, https:\/\/www.colompac.com\/wp-content\/uploads\/2023\/07\/Detail_CP010_AF_v2-190x190.webp 190w\" sizes=\"auto, (max-width: 500px) 100vw, 500px\" \/><\/a>\n\t\t\t<\/div>\n\t\t\t\t<figcaption class='wp-caption-text gallery-caption' id='gallery-1-15053'>\n\t\t\t\tEinfaches \u00d6ffnen durch integrierten Aufrei\u00dffaden\n\t\t\t\t<\/figcaption><\/figure><figure class='gallery-item'>\n\t\t\t<div class='gallery-icon landscape'>\n\t\t\t\t<a href='https:\/\/www.colompac.com\/de\/?attachment_id=797'><img loading=\"lazy\" decoding=\"async\" width=\"500\" height=\"500\" src=\"https:\/\/www.colompac.com\/wp-content\/uploads\/2023\/03\/Detail_US_Safety.webp\" class=\"attachment-full size-full\" alt=\"Hand streicht mit Finger \u00fcber eine Kante eines Kartons mit dem Text \u201aHier \u00f6ffnen \/ open here\" aria-describedby=\"gallery-1-797\" srcset=\"https:\/\/www.colompac.com\/wp-content\/uploads\/2023\/03\/Detail_US_Safety.webp 500w, https:\/\/www.colompac.com\/wp-content\/uploads\/2023\/03\/Detail_US_Safety-150x150.webp 150w, https:\/\/www.colompac.com\/wp-content\/uploads\/2023\/03\/Detail_US_Safety-300x300.webp 300w, https:\/\/www.colompac.com\/wp-content\/uploads\/2023\/03\/Detail_US_Safety-200x200.webp 200w, https:\/\/www.colompac.com\/wp-content\/uploads\/2023\/03\/Detail_US_Safety-100x100.webp 100w, https:\/\/www.colompac.com\/wp-content\/uploads\/2023\/03\/Detail_US_Safety-380x380.webp 380w, https:\/\/www.colompac.com\/wp-content\/uploads\/2023\/03\/Detail_US_Safety-20x20.webp 20w, https:\/\/www.colompac.com\/wp-content\/uploads\/2023\/03\/Detail_US_Safety-190x190.webp 190w\" sizes=\"auto, (max-width: 500px) 100vw, 500px\" \/><\/a>\n\t\t\t<\/div>\n\t\t\t\t<figcaption class='wp-caption-text gallery-caption' id='gallery-1-797'>\n\t\t\t\tUS-Safetynorm verhindert Schnittverletzungen \n\t\t\t\t<\/figcaption><\/figure>\n\t\t<\/div>\n\n","protected":false},"excerpt":{"rendered":"<h1><strong>Starke Versandtasche<\/strong><\/h1>\n<h2>Au\u00dfenma\u00df max. 353 x 250 x 80 mm \u2013 DHL Kleinpaket<\/h2>\n<ul>\n<li>Angepasst an die DHL Kleinpaket Ma\u00dfe mit einer variablen F\u00fcllh\u00f6he bis 72 mm<\/li>\n<li>Flexibel ohne F\u00fcllmaterial<\/li>\n<li>Starker Schutz durch stabile Wellpappe<\/li>\n<li>Nutzma\u00df verkleinert sich bei zunehmender F\u00fcllh\u00f6he<\/li>\n<\/ul>\n","protected":false},"featured_media":17654,"comment_status":"open","ping_status":"closed","template":"","meta":[],"product_cat":[363],"product_tag":[367,132,178,176,417],"class_list":["post-17253","product","type-product","status-publish","has-post-thumbnail","hentry","product_cat-alle-produkte","product_tag-buendel","product_tag-hoehenvariabel","product_tag-nachhaltig","product_tag-pap-20","product_tag-portoptimiert"],"acf":[],"jetpack_sharing_enabled":true,"_links":{"self":[{"href":"https:\/\/www.colompac.com\/de\/wp-json\/wp\/v2\/product\/17253","targetHints":{"allow":["GET"]}}],"collection":[{"href":"https:\/\/www.colompac.com\/de\/wp-json\/wp\/v2\/product"}],"about":[{"href":"https:\/\/www.colompac.com\/de\/wp-json\/wp\/v2\/types\/product"}],"replies":[{"embeddable":true,"href":"https:\/\/www.colompac.com\/de\/wp-json\/wp\/v2\/comments?post=17253"}],"wp:featuredmedia":[{"embeddable":true,"href":"https:\/\/www.colompac.com\/de\/wp-json\/wp\/v2\/media\/17654"}],"wp:attachment":[{"href":"https:\/\/www.colompac.com\/de\/wp-json\/wp\/v2\/media?parent=17253"}],"wp:term":[{"taxonomy":"product_cat","embeddable":true,"href":"https:\/\/www.colompac.com\/de\/wp-json\/wp\/v2\/product_cat?post=17253"},{"taxonomy":"product_tag","embeddable":true,"href":"https:\/\/www.colompac.com\/de\/wp-json\/wp\/v2\/product_tag?post=17253"}],"curies":[{"name":"wp","href":"https:\/\/api.w.org\/{rel}","templated":true}]}}