{"id":17112,"date":"2023-10-09T07:45:17","date_gmt":"2023-10-09T05:45:17","guid":{"rendered":"https:\/\/www.colompac.com\/?post_type=product&#038;p=17112"},"modified":"2025-01-22T15:32:38","modified_gmt":"2025-01-22T14:32:38","slug":"dhl-kleinpakete","status":"publish","type":"product","link":"https:\/\/www.colompac.com\/de\/produkt\/dhl-kleinpakete\/","title":{"rendered":"DHL Kleinpakete"},"content":{"rendered":"<div id='gallery-1' class='gallery galleryid-17112 gallery-columns-4 gallery-size-full'><figure class='gallery-item'>\n\t\t\t<div class='gallery-icon landscape'>\n\t\t\t\t<img loading=\"lazy\" decoding=\"async\" width=\"500\" height=\"500\" src=\"https:\/\/www.colompac.com\/wp-content\/uploads\/2024\/10\/Detail_DHL_kleinpaketmass.webp\" class=\"attachment-full size-full\" alt=\"Offener Karton mit drei Hardcover-B\u00fcchern \u2013 zwei rot, eines blau \u2013 und einem roten ColomPac\u00ae-Selbstklebeverschluss.\" aria-describedby=\"gallery-1-17113\" srcset=\"https:\/\/www.colompac.com\/wp-content\/uploads\/2024\/10\/Detail_DHL_kleinpaketmass.webp 500w, https:\/\/www.colompac.com\/wp-content\/uploads\/2024\/10\/Detail_DHL_kleinpaketmass-150x150.webp 150w, https:\/\/www.colompac.com\/wp-content\/uploads\/2024\/10\/Detail_DHL_kleinpaketmass-300x300.webp 300w, https:\/\/www.colompac.com\/wp-content\/uploads\/2024\/10\/Detail_DHL_kleinpaketmass-200x200.webp 200w, https:\/\/www.colompac.com\/wp-content\/uploads\/2024\/10\/Detail_DHL_kleinpaketmass-100x100.webp 100w, https:\/\/www.colompac.com\/wp-content\/uploads\/2024\/10\/Detail_DHL_kleinpaketmass-380x380.webp 380w, https:\/\/www.colompac.com\/wp-content\/uploads\/2024\/10\/Detail_DHL_kleinpaketmass-20x20.webp 20w, https:\/\/www.colompac.com\/wp-content\/uploads\/2024\/10\/Detail_DHL_kleinpaketmass-190x190.webp 190w\" sizes=\"auto, (max-width: 500px) 100vw, 500px\" \/>\n\t\t\t<\/div>\n\t\t\t\t<figcaption class='wp-caption-text gallery-caption' id='gallery-1-17113'>\n\t\t\t\tDHL Kleinpaketma\u00df: 353 x 250 x 80 mm\n\t\t\t\t<\/figcaption><\/figure><figure class='gallery-item'>\n\t\t\t<div class='gallery-icon landscape'>\n\t\t\t\t<img loading=\"lazy\" decoding=\"async\" width=\"500\" height=\"500\" src=\"https:\/\/www.colompac.com\/wp-content\/uploads\/2024\/10\/Detail_Kleinpaket_einpacken.webp\" class=\"attachment-full size-full\" alt=\"Person mit rot lackierten N\u00e4geln \u00f6ffnet Karton mit dunklem Hoodie und rotem ColomPac\u00ae-Selbstklebeverschluss. Daneben steht eine kleinere, geschlossene Schachtel.\" aria-describedby=\"gallery-1-17121\" srcset=\"https:\/\/www.colompac.com\/wp-content\/uploads\/2024\/10\/Detail_Kleinpaket_einpacken.webp 500w, https:\/\/www.colompac.com\/wp-content\/uploads\/2024\/10\/Detail_Kleinpaket_einpacken-150x150.webp 150w, https:\/\/www.colompac.com\/wp-content\/uploads\/2024\/10\/Detail_Kleinpaket_einpacken-300x300.webp 300w, https:\/\/www.colompac.com\/wp-content\/uploads\/2024\/10\/Detail_Kleinpaket_einpacken-200x200.webp 200w, https:\/\/www.colompac.com\/wp-content\/uploads\/2024\/10\/Detail_Kleinpaket_einpacken-100x100.webp 100w, https:\/\/www.colompac.com\/wp-content\/uploads\/2024\/10\/Detail_Kleinpaket_einpacken-380x380.webp 380w, https:\/\/www.colompac.com\/wp-content\/uploads\/2024\/10\/Detail_Kleinpaket_einpacken-20x20.webp 20w, https:\/\/www.colompac.com\/wp-content\/uploads\/2024\/10\/Detail_Kleinpaket_einpacken-190x190.webp 190w\" sizes=\"auto, (max-width: 500px) 100vw, 500px\" \/>\n\t\t\t<\/div>\n\t\t\t\t<figcaption class='wp-caption-text gallery-caption' id='gallery-1-17121'>\n\t\t\t\t5 unterschiedliche L\u00f6sungen\n\t\t\t\t<\/figcaption><\/figure><figure class='gallery-item'>\n\t\t\t<div class='gallery-icon landscape'>\n\t\t\t\t<img loading=\"lazy\" decoding=\"async\" width=\"500\" height=\"500\" src=\"https:\/\/www.colompac.com\/wp-content\/uploads\/2023\/07\/Detail_Anja_Blitzboden_v2.webp\" class=\"attachment-full size-full\" alt=\"Zwei H\u00e4nde halten einen teilweise gefalteten Karton, der gerade aufgebaut wird; einige Laschen am Boden sind offen, andere bereits geschlossen.\" aria-describedby=\"gallery-1-14869\" srcset=\"https:\/\/www.colompac.com\/wp-content\/uploads\/2023\/07\/Detail_Anja_Blitzboden_v2.webp 500w, https:\/\/www.colompac.com\/wp-content\/uploads\/2023\/07\/Detail_Anja_Blitzboden_v2-150x150.webp 150w, https:\/\/www.colompac.com\/wp-content\/uploads\/2023\/07\/Detail_Anja_Blitzboden_v2-300x300.webp 300w, https:\/\/www.colompac.com\/wp-content\/uploads\/2023\/07\/Detail_Anja_Blitzboden_v2-200x200.webp 200w, https:\/\/www.colompac.com\/wp-content\/uploads\/2023\/07\/Detail_Anja_Blitzboden_v2-100x100.webp 100w, https:\/\/www.colompac.com\/wp-content\/uploads\/2023\/07\/Detail_Anja_Blitzboden_v2-380x380.webp 380w, https:\/\/www.colompac.com\/wp-content\/uploads\/2023\/07\/Detail_Anja_Blitzboden_v2-20x20.webp 20w, https:\/\/www.colompac.com\/wp-content\/uploads\/2023\/07\/Detail_Anja_Blitzboden_v2-190x190.webp 190w\" sizes=\"auto, (max-width: 500px) 100vw, 500px\" \/>\n\t\t\t<\/div>\n\t\t\t\t<figcaption class='wp-caption-text gallery-caption' id='gallery-1-14869'>\n\t\t\t\tEinfaches Handling\n\t\t\t\t<\/figcaption><\/figure><figure class='gallery-item'>\n\t\t\t<div class='gallery-icon landscape'>\n\t\t\t\t<img loading=\"lazy\" decoding=\"async\" width=\"500\" height=\"500\" src=\"https:\/\/www.colompac.com\/wp-content\/uploads\/2024\/10\/Detail_SK_AF.webp\" class=\"attachment-full size-full\" alt=\"Zwei Nahaufnahmen eines Kartons mit rotem ColomPac\u00ae-Selbstklebeverschluss \u2013 einmal teilweise ge\u00f6ffnet, einmal beim Abziehen des Aufrei\u00dffadens.\" aria-describedby=\"gallery-1-17117\" srcset=\"https:\/\/www.colompac.com\/wp-content\/uploads\/2024\/10\/Detail_SK_AF.webp 500w, https:\/\/www.colompac.com\/wp-content\/uploads\/2024\/10\/Detail_SK_AF-150x150.webp 150w, https:\/\/www.colompac.com\/wp-content\/uploads\/2024\/10\/Detail_SK_AF-300x300.webp 300w, https:\/\/www.colompac.com\/wp-content\/uploads\/2024\/10\/Detail_SK_AF-200x200.webp 200w, https:\/\/www.colompac.com\/wp-content\/uploads\/2024\/10\/Detail_SK_AF-100x100.webp 100w, https:\/\/www.colompac.com\/wp-content\/uploads\/2024\/10\/Detail_SK_AF-380x380.webp 380w, https:\/\/www.colompac.com\/wp-content\/uploads\/2024\/10\/Detail_SK_AF-20x20.webp 20w, https:\/\/www.colompac.com\/wp-content\/uploads\/2024\/10\/Detail_SK_AF-190x190.webp 190w\" sizes=\"auto, (max-width: 500px) 100vw, 500px\" \/>\n\t\t\t<\/div>\n\t\t\t\t<figcaption class='wp-caption-text gallery-caption' id='gallery-1-17117'>\n\t\t\t\tSelbstklebeverschluss und Aufrei\u00dffaden\n\t\t\t\t<\/figcaption><\/figure>\n\t\t<\/div>\n\n","protected":false},"excerpt":{"rendered":"<h1><strong>Das DHL Kleinpaket ist da<\/strong><\/h1>\n<h5><strong>Kleine Waren schnell und g\u00fcnstig versenden! Seit 1. Januar 2025 bietet die DHL das neue Kleinpaket f\u00fcr Vielsender an. <\/strong><strong>ColomPac\u00ae hat schon jetzt die passenden Verpackungen mit den richtigen Ma\u00dfen.<br \/>\n<\/strong><\/h5>\n<p>Wichtigste \u00c4nderung: H\u00f6he 80 statt H\u00f6he 50 mm. Damit er\u00f6ffnen sich neue M\u00f6glichkeiten und mit den 5 neuen <strong>ColomPac\u00ae<\/strong>-L\u00f6sungen haben wir daf\u00fcr auch die richtigen Verpackungen.<\/p>\n","protected":false},"featured_media":17658,"comment_status":"open","ping_status":"closed","template":"","meta":[],"product_cat":[413],"product_tag":[178,176,417],"class_list":["post-17112","product","type-product","status-publish","has-post-thumbnail","hentry","product_cat-dhl-kleinpaket","product_tag-nachhaltig","product_tag-pap-20","product_tag-portoptimiert"],"acf":[],"jetpack_sharing_enabled":true,"_links":{"self":[{"href":"https:\/\/www.colompac.com\/de\/wp-json\/wp\/v2\/product\/17112","targetHints":{"allow":["GET"]}}],"collection":[{"href":"https:\/\/www.colompac.com\/de\/wp-json\/wp\/v2\/product"}],"about":[{"href":"https:\/\/www.colompac.com\/de\/wp-json\/wp\/v2\/types\/product"}],"replies":[{"embeddable":true,"href":"https:\/\/www.colompac.com\/de\/wp-json\/wp\/v2\/comments?post=17112"}],"wp:featuredmedia":[{"embeddable":true,"href":"https:\/\/www.colompac.com\/de\/wp-json\/wp\/v2\/media\/17658"}],"wp:attachment":[{"href":"https:\/\/www.colompac.com\/de\/wp-json\/wp\/v2\/media?parent=17112"}],"wp:term":[{"taxonomy":"product_cat","embeddable":true,"href":"https:\/\/www.colompac.com\/de\/wp-json\/wp\/v2\/product_cat?post=17112"},{"taxonomy":"product_tag","embeddable":true,"href":"https:\/\/www.colompac.com\/de\/wp-json\/wp\/v2\/product_tag?post=17112"}],"curies":[{"name":"wp","href":"https:\/\/api.w.org\/{rel}","templated":true}]}}