{"id":16434,"date":"2024-04-11T15:46:23","date_gmt":"2024-04-11T13:46:23","guid":{"rendered":"https:\/\/www.colompac.com\/?post_type=product&#038;p=16434"},"modified":"2025-10-21T15:09:45","modified_gmt":"2025-10-21T13:09:45","slug":"versandbox-mit-flexodruck-fuer-naturkosmetik","status":"publish","type":"product","link":"https:\/\/www.colompac.com\/de\/produkt\/versandbox-mit-flexodruck-fuer-naturkosmetik\/","title":{"rendered":"Versandbox mit Flexodruck f\u00fcr Naturkosmetik"},"content":{"rendered":"<div class=\"responsive-embed widescreen youtube\"><iframe loading=\"lazy\" title=\"ColomPac\u00ae CP 080 Modulboxen 1-4 in Wei\u00df und Braun - HD 1920 x 1080\" width=\"1170\" height=\"658\" src=\"https:\/\/www.youtube.com\/embed\/mv-CzdmxcWg?feature=oembed&#038;showinfo=0&#038;rel=0&#038;modestbranding=1\" frameborder=\"0\" allow=\"accelerometer; autoplay; clipboard-write; encrypted-media; gyroscope; picture-in-picture; web-share\" referrerpolicy=\"strict-origin-when-cross-origin\" allowfullscreen><\/iframe><\/div>\n","protected":false},"excerpt":{"rendered":"<p><strong>ColomPac\u00ae<\/strong> Versandbox CP 164 mit kreativem 1f\u00e4rbigen Flexodruck f\u00fcr den sicheren Versand von Naturkosmetik. Schnell aufgebaut und einfach von oben zu bef\u00fcllen.<\/p>\n<ul>\n<li>Flexobedruckt<\/li>\n<li>4-Punkt-Klebung<\/li>\n<\/ul>\n","protected":false},"featured_media":16391,"comment_status":"open","ping_status":"closed","template":"","meta":[],"product_cat":[363,15],"product_tag":[198,401,195,175,178,199],"class_list":["post-16434","product","type-product","status-publish","has-post-thumbnail","hentry","product_cat-alle-produkte","product_cat-individuelle-produkte","product_tag-aussenbedruckung","product_tag-fashionbox-ruecksendeverschluss","product_tag-flexo","product_tag-fsc","product_tag-nachhaltig","product_tag-paket"],"acf":[],"jetpack_sharing_enabled":true,"_links":{"self":[{"href":"https:\/\/www.colompac.com\/de\/wp-json\/wp\/v2\/product\/16434","targetHints":{"allow":["GET"]}}],"collection":[{"href":"https:\/\/www.colompac.com\/de\/wp-json\/wp\/v2\/product"}],"about":[{"href":"https:\/\/www.colompac.com\/de\/wp-json\/wp\/v2\/types\/product"}],"replies":[{"embeddable":true,"href":"https:\/\/www.colompac.com\/de\/wp-json\/wp\/v2\/comments?post=16434"}],"wp:featuredmedia":[{"embeddable":true,"href":"https:\/\/www.colompac.com\/de\/wp-json\/wp\/v2\/media\/16391"}],"wp:attachment":[{"href":"https:\/\/www.colompac.com\/de\/wp-json\/wp\/v2\/media?parent=16434"}],"wp:term":[{"taxonomy":"product_cat","embeddable":true,"href":"https:\/\/www.colompac.com\/de\/wp-json\/wp\/v2\/product_cat?post=16434"},{"taxonomy":"product_tag","embeddable":true,"href":"https:\/\/www.colompac.com\/de\/wp-json\/wp\/v2\/product_tag?post=16434"}],"curies":[{"name":"wp","href":"https:\/\/api.w.org\/{rel}","templated":true}]}}