{"id":14366,"date":"2023-07-04T15:02:03","date_gmt":"2023-07-04T13:02:03","guid":{"rendered":"https:\/\/www.colompac.com\/?post_type=product&#038;p=14366"},"modified":"2025-10-27T16:25:54","modified_gmt":"2025-10-27T15:25:54","slug":"cp-085-411615","status":"publish","type":"product","link":"https:\/\/www.colompac.com\/de\/produkt\/cp-085-411615\/","title":{"rendered":"CP 085.411615 (394 x 154 x 128 mm)"},"content":{"rendered":"<div id='gallery-1' class='gallery galleryid-14366 gallery-columns-4 gallery-size-full'><figure class='gallery-item'>\n\t\t\t<div class='gallery-icon landscape'>\n\t\t\t\t<a href='https:\/\/www.colompac.com\/de\/?attachment_id=13780'><img loading=\"lazy\" decoding=\"async\" width=\"500\" height=\"500\" src=\"https:\/\/www.colompac.com\/wp-content\/uploads\/2023\/06\/Detail_CP085_Welle-1.webp\" class=\"attachment-full size-full\" alt=\"Stapel aus sechs Lagen Wellpappe mit sichtbarer wellenf\u00f6rmiger Struktur an den Schnittkanten.\" aria-describedby=\"gallery-1-13780\" srcset=\"https:\/\/www.colompac.com\/wp-content\/uploads\/2023\/06\/Detail_CP085_Welle-1.webp 500w, https:\/\/www.colompac.com\/wp-content\/uploads\/2023\/06\/Detail_CP085_Welle-1-150x150.webp 150w, https:\/\/www.colompac.com\/wp-content\/uploads\/2023\/06\/Detail_CP085_Welle-1-300x300.webp 300w, https:\/\/www.colompac.com\/wp-content\/uploads\/2023\/06\/Detail_CP085_Welle-1-200x200.webp 200w, https:\/\/www.colompac.com\/wp-content\/uploads\/2023\/06\/Detail_CP085_Welle-1-100x100.webp 100w, https:\/\/www.colompac.com\/wp-content\/uploads\/2023\/06\/Detail_CP085_Welle-1-380x380.webp 380w, https:\/\/www.colompac.com\/wp-content\/uploads\/2023\/06\/Detail_CP085_Welle-1-20x20.webp 20w, https:\/\/www.colompac.com\/wp-content\/uploads\/2023\/06\/Detail_CP085_Welle-1-190x190.webp 190w\" sizes=\"auto, (max-width: 500px) 100vw, 500px\" \/><\/a>\n\t\t\t<\/div>\n\t\t\t\t<figcaption class='wp-caption-text gallery-caption' id='gallery-1-13780'>\n\t\t\t\tStabile Doppelwelle auch f\u00fcr schwere G\u00fcter\n\t\t\t\t<\/figcaption><\/figure><figure class='gallery-item'>\n\t\t\t<div class='gallery-icon landscape'>\n\t\t\t\t<a href='https:\/\/www.colompac.com\/de\/?attachment_id=14789'><img loading=\"lazy\" decoding=\"async\" width=\"500\" height=\"500\" src=\"https:\/\/www.colompac.com\/wp-content\/uploads\/2023\/07\/Detail_CP085_Z-Faltung_V2.webp\" class=\"attachment-full size-full\" alt=\"Nahaufnahme eines ge\u00f6ffneten Kartons mit teilweise eingeklappten Laschenan den Seiten und Griffloch am Deckel.\" aria-describedby=\"gallery-1-14789\" srcset=\"https:\/\/www.colompac.com\/wp-content\/uploads\/2023\/07\/Detail_CP085_Z-Faltung_V2.webp 500w, https:\/\/www.colompac.com\/wp-content\/uploads\/2023\/07\/Detail_CP085_Z-Faltung_V2-150x150.webp 150w, https:\/\/www.colompac.com\/wp-content\/uploads\/2023\/07\/Detail_CP085_Z-Faltung_V2-300x300.webp 300w, https:\/\/www.colompac.com\/wp-content\/uploads\/2023\/07\/Detail_CP085_Z-Faltung_V2-200x200.webp 200w, https:\/\/www.colompac.com\/wp-content\/uploads\/2023\/07\/Detail_CP085_Z-Faltung_V2-100x100.webp 100w, https:\/\/www.colompac.com\/wp-content\/uploads\/2023\/07\/Detail_CP085_Z-Faltung_V2-380x380.webp 380w, https:\/\/www.colompac.com\/wp-content\/uploads\/2023\/07\/Detail_CP085_Z-Faltung_V2-20x20.webp 20w, https:\/\/www.colompac.com\/wp-content\/uploads\/2023\/07\/Detail_CP085_Z-Faltung_V2-190x190.webp 190w\" sizes=\"auto, (max-width: 500px) 100vw, 500px\" \/><\/a>\n\t\t\t<\/div>\n\t\t\t\t<figcaption class='wp-caption-text gallery-caption' id='gallery-1-14789'>\n\t\t\t\tVoll\u00fcberlappender Deckel mit Z-Faltung\n\t\t\t\t<\/figcaption><\/figure><figure class='gallery-item'>\n\t\t\t<div class='gallery-icon landscape'>\n\t\t\t\t<a href='https:\/\/www.colompac.com\/de\/?attachment_id=13772'><img loading=\"lazy\" decoding=\"async\" width=\"500\" height=\"500\" src=\"https:\/\/www.colompac.com\/wp-content\/uploads\/2023\/06\/Detail_CP085_Verkantung-1.webp\" class=\"attachment-full size-full\" alt=\"Innenkante eines ge\u00f6ffneten Kartons aus brauner Wellpappe mit teilweise eingeklappten Laschen.\" aria-describedby=\"gallery-1-13772\" srcset=\"https:\/\/www.colompac.com\/wp-content\/uploads\/2023\/06\/Detail_CP085_Verkantung-1.webp 500w, https:\/\/www.colompac.com\/wp-content\/uploads\/2023\/06\/Detail_CP085_Verkantung-1-150x150.webp 150w, https:\/\/www.colompac.com\/wp-content\/uploads\/2023\/06\/Detail_CP085_Verkantung-1-300x300.webp 300w, https:\/\/www.colompac.com\/wp-content\/uploads\/2023\/06\/Detail_CP085_Verkantung-1-200x200.webp 200w, https:\/\/www.colompac.com\/wp-content\/uploads\/2023\/06\/Detail_CP085_Verkantung-1-100x100.webp 100w, https:\/\/www.colompac.com\/wp-content\/uploads\/2023\/06\/Detail_CP085_Verkantung-1-380x380.webp 380w, https:\/\/www.colompac.com\/wp-content\/uploads\/2023\/06\/Detail_CP085_Verkantung-1-20x20.webp 20w, https:\/\/www.colompac.com\/wp-content\/uploads\/2023\/06\/Detail_CP085_Verkantung-1-190x190.webp 190w\" sizes=\"auto, (max-width: 500px) 100vw, 500px\" \/><\/a>\n\t\t\t<\/div>\n\t\t\t\t<figcaption class='wp-caption-text gallery-caption' id='gallery-1-13772'>\n\t\t\t\tAutomatikboden mit Vertikalkantung\n\t\t\t\t<\/figcaption><\/figure><figure class='gallery-item'>\n\t\t\t<div class='gallery-icon landscape'>\n\t\t\t\t<a href='https:\/\/www.colompac.com\/de\/?attachment_id=14785'><img loading=\"lazy\" decoding=\"async\" width=\"500\" height=\"500\" src=\"https:\/\/www.colompac.com\/wp-content\/uploads\/2023\/07\/Detail_CP085_Aussenklebung_V2.webp\" class=\"attachment-full size-full\" alt=\"Nahaufnahme eines geschlossenen Kartons mit sichtbaren Laschen und N\u00e4hten.\" aria-describedby=\"gallery-1-14785\" srcset=\"https:\/\/www.colompac.com\/wp-content\/uploads\/2023\/07\/Detail_CP085_Aussenklebung_V2.webp 500w, https:\/\/www.colompac.com\/wp-content\/uploads\/2023\/07\/Detail_CP085_Aussenklebung_V2-150x150.webp 150w, https:\/\/www.colompac.com\/wp-content\/uploads\/2023\/07\/Detail_CP085_Aussenklebung_V2-300x300.webp 300w, https:\/\/www.colompac.com\/wp-content\/uploads\/2023\/07\/Detail_CP085_Aussenklebung_V2-200x200.webp 200w, https:\/\/www.colompac.com\/wp-content\/uploads\/2023\/07\/Detail_CP085_Aussenklebung_V2-100x100.webp 100w, https:\/\/www.colompac.com\/wp-content\/uploads\/2023\/07\/Detail_CP085_Aussenklebung_V2-380x380.webp 380w, https:\/\/www.colompac.com\/wp-content\/uploads\/2023\/07\/Detail_CP085_Aussenklebung_V2-20x20.webp 20w, https:\/\/www.colompac.com\/wp-content\/uploads\/2023\/07\/Detail_CP085_Aussenklebung_V2-190x190.webp 190w\" sizes=\"auto, (max-width: 500px) 100vw, 500px\" \/><\/a>\n\t\t\t<\/div>\n\t\t\t\t<figcaption class='wp-caption-text gallery-caption' id='gallery-1-14785'>\n\t\t\t\tExtra stark dank Au\u00dfenklebung\n\t\t\t\t<\/figcaption><\/figure>\n\t\t<\/div>\n\n<div class=\"responsive-embed widescreen youtube\"><iframe loading=\"lazy\" title=\"ColomPac\u00ae CP 085 - Das Stabilit\u00e4tswunder in Doppelwelle\" width=\"1170\" height=\"658\" src=\"https:\/\/www.youtube.com\/embed\/r82Od0sI5L0?feature=oembed&#038;showinfo=0&#038;rel=0&#038;modestbranding=1\" frameborder=\"0\" allow=\"accelerometer; autoplay; clipboard-write; encrypted-media; gyroscope; picture-in-picture; web-share\" referrerpolicy=\"strict-origin-when-cross-origin\" allowfullscreen><\/iframe><\/div>\n<p>&nbsp;<\/p>\n","protected":false},"excerpt":{"rendered":"<h1><strong>Das Stabilit\u00e4tswunder in Doppelwelle<\/strong><\/h1>\n<ul>\n<li>Der sichere <strong>ColomPac\u00ae <\/strong>Selbstklebeverschluss spart Zeit und ist Ihr Originalit\u00e4tsverschluss<\/li>\n<li>Schnelles Aufrichten durch Automatikboden<\/li>\n<li>Aufrei\u00dffaden f\u00fcr einfaches und schnelles \u00d6ffnen<\/li>\n<\/ul>\n","protected":false},"featured_media":19344,"comment_status":"open","ping_status":"closed","template":"","meta":[],"product_cat":[363],"product_tag":[367,175,178,176],"class_list":["post-14366","product","type-product","status-publish","has-post-thumbnail","hentry","product_cat-alle-produkte","product_tag-buendel","product_tag-fsc","product_tag-nachhaltig","product_tag-pap-20"],"acf":[],"jetpack_sharing_enabled":true,"_links":{"self":[{"href":"https:\/\/www.colompac.com\/de\/wp-json\/wp\/v2\/product\/14366","targetHints":{"allow":["GET"]}}],"collection":[{"href":"https:\/\/www.colompac.com\/de\/wp-json\/wp\/v2\/product"}],"about":[{"href":"https:\/\/www.colompac.com\/de\/wp-json\/wp\/v2\/types\/product"}],"replies":[{"embeddable":true,"href":"https:\/\/www.colompac.com\/de\/wp-json\/wp\/v2\/comments?post=14366"}],"wp:featuredmedia":[{"embeddable":true,"href":"https:\/\/www.colompac.com\/de\/wp-json\/wp\/v2\/media\/19344"}],"wp:attachment":[{"href":"https:\/\/www.colompac.com\/de\/wp-json\/wp\/v2\/media?parent=14366"}],"wp:term":[{"taxonomy":"product_cat","embeddable":true,"href":"https:\/\/www.colompac.com\/de\/wp-json\/wp\/v2\/product_cat?post=14366"},{"taxonomy":"product_tag","embeddable":true,"href":"https:\/\/www.colompac.com\/de\/wp-json\/wp\/v2\/product_tag?post=14366"}],"curies":[{"name":"wp","href":"https:\/\/api.w.org\/{rel}","templated":true}]}}