{"id":13964,"date":"2023-06-26T15:39:38","date_gmt":"2023-06-26T13:39:38","guid":{"rendered":"https:\/\/colompac.wearelions.agency\/?post_type=product&#038;p=13964"},"modified":"2025-10-22T13:06:22","modified_gmt":"2025-10-22T11:06:22","slug":"ft-140-116","status":"publish","type":"product","link":"https:\/\/www.colompac.com\/de\/produkt\/ft-140-116\/","title":{"rendered":"FT 140.116 (139 x 88 x 46 mm)"},"content":{"rendered":"<div id='gallery-1' class='gallery galleryid-13964 gallery-columns-4 gallery-size-full'><figure class='gallery-item'>\n\t\t\t<div class='gallery-icon landscape'>\n\t\t\t\t<a href='https:\/\/www.colompac.com\/de\/?attachment_id=14781'><img loading=\"lazy\" decoding=\"async\" width=\"500\" height=\"500\" src=\"https:\/\/www.colompac.com\/wp-content\/uploads\/2023\/07\/Detail_FT140_Handling_V2.webp\" class=\"attachment-full size-full\" alt=\"Karton mit zwei zylindrischen Metallobjekten, gesichert durch transparente Plastikfolie; seitlich mit Griff\u00f6ffnungen.\" aria-describedby=\"gallery-1-14781\" srcset=\"https:\/\/www.colompac.com\/wp-content\/uploads\/2023\/07\/Detail_FT140_Handling_V2.webp 500w, https:\/\/www.colompac.com\/wp-content\/uploads\/2023\/07\/Detail_FT140_Handling_V2-150x150.webp 150w, https:\/\/www.colompac.com\/wp-content\/uploads\/2023\/07\/Detail_FT140_Handling_V2-300x300.webp 300w, https:\/\/www.colompac.com\/wp-content\/uploads\/2023\/07\/Detail_FT140_Handling_V2-200x200.webp 200w, https:\/\/www.colompac.com\/wp-content\/uploads\/2023\/07\/Detail_FT140_Handling_V2-100x100.webp 100w, https:\/\/www.colompac.com\/wp-content\/uploads\/2023\/07\/Detail_FT140_Handling_V2-380x380.webp 380w, https:\/\/www.colompac.com\/wp-content\/uploads\/2023\/07\/Detail_FT140_Handling_V2-20x20.webp 20w, https:\/\/www.colompac.com\/wp-content\/uploads\/2023\/07\/Detail_FT140_Handling_V2-190x190.webp 190w\" sizes=\"auto, (max-width: 500px) 100vw, 500px\" \/><\/a>\n\t\t\t<\/div>\n\t\t\t\t<figcaption class='wp-caption-text gallery-caption' id='gallery-1-14781'>\n\t\t\t\tEinfaches Handling \n\t\t\t\t<\/figcaption><\/figure><figure class='gallery-item'>\n\t\t\t<div class='gallery-icon landscape'>\n\t\t\t\t<a href='https:\/\/www.colompac.com\/de\/?attachment_id=13912'><img loading=\"lazy\" decoding=\"async\" width=\"500\" height=\"500\" src=\"https:\/\/www.colompac.com\/wp-content\/uploads\/2023\/06\/Detail_FT140_Schutz.webp\" class=\"attachment-full size-full\" alt=\"Innenseite eines Kartons mit zwei runden Metallobjekten mit transparentem Zentrum, in Spannfolie liegend.\" aria-describedby=\"gallery-1-13912\" srcset=\"https:\/\/www.colompac.com\/wp-content\/uploads\/2023\/06\/Detail_FT140_Schutz.webp 500w, https:\/\/www.colompac.com\/wp-content\/uploads\/2023\/06\/Detail_FT140_Schutz-150x150.webp 150w, https:\/\/www.colompac.com\/wp-content\/uploads\/2023\/06\/Detail_FT140_Schutz-300x300.webp 300w, https:\/\/www.colompac.com\/wp-content\/uploads\/2023\/06\/Detail_FT140_Schutz-200x200.webp 200w, https:\/\/www.colompac.com\/wp-content\/uploads\/2023\/06\/Detail_FT140_Schutz-100x100.webp 100w, https:\/\/www.colompac.com\/wp-content\/uploads\/2023\/06\/Detail_FT140_Schutz-380x380.webp 380w, https:\/\/www.colompac.com\/wp-content\/uploads\/2023\/06\/Detail_FT140_Schutz-20x20.webp 20w, https:\/\/www.colompac.com\/wp-content\/uploads\/2023\/06\/Detail_FT140_Schutz-190x190.webp 190w\" sizes=\"auto, (max-width: 500px) 100vw, 500px\" \/><\/a>\n\t\t\t<\/div>\n\t\t\t\t<figcaption class='wp-caption-text gallery-caption' id='gallery-1-13912'>\n\t\t\t\tOptimaler Schutz\n\t\t\t\t<\/figcaption><\/figure><figure class='gallery-item'>\n\t\t\t<div class='gallery-icon landscape'>\n\t\t\t\t<a href='https:\/\/www.colompac.com\/de\/?attachment_id=14777'><img loading=\"lazy\" decoding=\"async\" width=\"500\" height=\"500\" src=\"https:\/\/www.colompac.com\/wp-content\/uploads\/2023\/07\/Detail_FT140_Praesentation_V2.webp\" class=\"attachment-full size-full\" alt=\"Offener Karton mit rotem ColomPac\u00ae-Selbstklebeverschluss\u2018, darin zwei runde wei\u00dfe Objekte mit transparentem Zentrum auf Plastikfolie.\" aria-describedby=\"gallery-1-14777\" srcset=\"https:\/\/www.colompac.com\/wp-content\/uploads\/2023\/07\/Detail_FT140_Praesentation_V2.webp 500w, https:\/\/www.colompac.com\/wp-content\/uploads\/2023\/07\/Detail_FT140_Praesentation_V2-150x150.webp 150w, https:\/\/www.colompac.com\/wp-content\/uploads\/2023\/07\/Detail_FT140_Praesentation_V2-300x300.webp 300w, https:\/\/www.colompac.com\/wp-content\/uploads\/2023\/07\/Detail_FT140_Praesentation_V2-200x200.webp 200w, https:\/\/www.colompac.com\/wp-content\/uploads\/2023\/07\/Detail_FT140_Praesentation_V2-100x100.webp 100w, https:\/\/www.colompac.com\/wp-content\/uploads\/2023\/07\/Detail_FT140_Praesentation_V2-380x380.webp 380w, https:\/\/www.colompac.com\/wp-content\/uploads\/2023\/07\/Detail_FT140_Praesentation_V2-20x20.webp 20w, https:\/\/www.colompac.com\/wp-content\/uploads\/2023\/07\/Detail_FT140_Praesentation_V2-190x190.webp 190w\" sizes=\"auto, (max-width: 500px) 100vw, 500px\" \/><\/a>\n\t\t\t<\/div>\n\t\t\t\t<figcaption class='wp-caption-text gallery-caption' id='gallery-1-14777'>\n\t\t\t\tPerfekte Pr\u00e4sentation\n\t\t\t\t<\/figcaption><\/figure><figure class='gallery-item'>\n\t\t\t<div class='gallery-icon landscape'>\n\t\t\t\t<a href='https:\/\/www.colompac.com\/de\/?attachment_id=14773'><img loading=\"lazy\" decoding=\"async\" width=\"500\" height=\"500\" src=\"https:\/\/www.colompac.com\/wp-content\/uploads\/2023\/07\/Detail_FT140_Kombi_V2.webp\" class=\"attachment-full size-full\" alt=\"Offener Karton mit kleinerer, verpackter Box in Klarsichtfolie; roter ColomPac\u00ae-Selbstklebeverschluss am Deckel.\" aria-describedby=\"gallery-1-14773\" srcset=\"https:\/\/www.colompac.com\/wp-content\/uploads\/2023\/07\/Detail_FT140_Kombi_V2.webp 500w, https:\/\/www.colompac.com\/wp-content\/uploads\/2023\/07\/Detail_FT140_Kombi_V2-150x150.webp 150w, https:\/\/www.colompac.com\/wp-content\/uploads\/2023\/07\/Detail_FT140_Kombi_V2-300x300.webp 300w, https:\/\/www.colompac.com\/wp-content\/uploads\/2023\/07\/Detail_FT140_Kombi_V2-200x200.webp 200w, https:\/\/www.colompac.com\/wp-content\/uploads\/2023\/07\/Detail_FT140_Kombi_V2-100x100.webp 100w, https:\/\/www.colompac.com\/wp-content\/uploads\/2023\/07\/Detail_FT140_Kombi_V2-380x380.webp 380w, https:\/\/www.colompac.com\/wp-content\/uploads\/2023\/07\/Detail_FT140_Kombi_V2-20x20.webp 20w, https:\/\/www.colompac.com\/wp-content\/uploads\/2023\/07\/Detail_FT140_Kombi_V2-190x190.webp 190w\" sizes=\"auto, (max-width: 500px) 100vw, 500px\" \/><\/a>\n\t\t\t<\/div>\n\t\t\t\t<figcaption class='wp-caption-text gallery-caption' id='gallery-1-14773'>\n\t\t\t\tPerfekt kombinierbar mit CP 151 \n\t\t\t\t<\/figcaption><\/figure>\n\t\t<\/div>\n\n<p>&nbsp;<\/p>\n<div class=\"responsive-embed widescreen youtube\"><iframe loading=\"lazy\" title=\"FT 140 - Sicher ohne F\u00fcllmaterial die flexible Folienfixierverpackung\" width=\"1170\" height=\"658\" src=\"https:\/\/www.youtube.com\/embed\/BP2vK_R4Y10?feature=oembed&#038;showinfo=0&#038;rel=0&#038;modestbranding=1\" frameborder=\"0\" allow=\"accelerometer; autoplay; clipboard-write; encrypted-media; gyroscope; picture-in-picture; web-share\" referrerpolicy=\"strict-origin-when-cross-origin\" allowfullscreen><\/iframe><\/div>\n<p>&nbsp;<\/p>\n","protected":false},"excerpt":{"rendered":"<h1><strong>Flexible Folienfixierverpackung<\/strong><\/h1>\n<h2>Sicher ohne F\u00fcllmaterial<\/h2>\n<ul>\n<li>Geeignet f\u00fcr den Versand von empfindlichen Bauteilen und Elektronik<\/li>\n<li>Mit flexibler Folie, die empfindliche Versandg\u00fcter sicher fixiert und vor Sto\u00df und Vibrationen sch\u00fctzt.<\/li>\n<li>Kann ungetrennt, dank Einstoff-Verpackung, im Altpapier entsorgt werden (Folienanteil &lt; 5%)<\/li>\n<li>Ideal kombinierbar mit bestehenden <strong>ColomPac\u00ae<\/strong> Versandverpackungen<\/li>\n<li>Der sichere <strong>ColomPac\u00ae<\/strong> Selbstklebeverschluss spart Zeit und ist Ihr Originalit\u00e4tsverschluss<\/li>\n<\/ul>\n","protected":false},"featured_media":18835,"comment_status":"open","ping_status":"closed","template":"","meta":[],"product_cat":[363],"product_tag":[367,175,178,176],"class_list":["post-13964","product","type-product","status-publish","has-post-thumbnail","hentry","product_cat-alle-produkte","product_tag-buendel","product_tag-fsc","product_tag-nachhaltig","product_tag-pap-20"],"acf":[],"jetpack_sharing_enabled":true,"_links":{"self":[{"href":"https:\/\/www.colompac.com\/de\/wp-json\/wp\/v2\/product\/13964","targetHints":{"allow":["GET"]}}],"collection":[{"href":"https:\/\/www.colompac.com\/de\/wp-json\/wp\/v2\/product"}],"about":[{"href":"https:\/\/www.colompac.com\/de\/wp-json\/wp\/v2\/types\/product"}],"replies":[{"embeddable":true,"href":"https:\/\/www.colompac.com\/de\/wp-json\/wp\/v2\/comments?post=13964"}],"wp:featuredmedia":[{"embeddable":true,"href":"https:\/\/www.colompac.com\/de\/wp-json\/wp\/v2\/media\/18835"}],"wp:attachment":[{"href":"https:\/\/www.colompac.com\/de\/wp-json\/wp\/v2\/media?parent=13964"}],"wp:term":[{"taxonomy":"product_cat","embeddable":true,"href":"https:\/\/www.colompac.com\/de\/wp-json\/wp\/v2\/product_cat?post=13964"},{"taxonomy":"product_tag","embeddable":true,"href":"https:\/\/www.colompac.com\/de\/wp-json\/wp\/v2\/product_tag?post=13964"}],"curies":[{"name":"wp","href":"https:\/\/api.w.org\/{rel}","templated":true}]}}