{"id":12338,"date":"2023-05-16T16:40:09","date_gmt":"2023-05-16T14:40:09","guid":{"rendered":"https:\/\/colompac.wearelions.agency\/?post_type=product&#038;p=12338"},"modified":"2025-10-27T16:45:16","modified_gmt":"2025-10-27T15:45:16","slug":"cp-164-242510","status":"publish","type":"product","link":"https:\/\/www.colompac.com\/de\/produkt\/cp-164-242510\/","title":{"rendered":"CP 164.242510 (231 x 239 x 95 mm)"},"content":{"rendered":"<div id='gallery-1' class='gallery galleryid-12338 gallery-columns-4 gallery-size-full'><figure class='gallery-item'>\n\t\t\t<div class='gallery-icon landscape'>\n\t\t\t\t<img loading=\"lazy\" decoding=\"async\" width=\"500\" height=\"500\" src=\"https:\/\/www.colompac.com\/wp-content\/uploads\/2023\/07\/Detail_CP068_SK_V2.webp\" class=\"attachment-full size-full\" alt=\"\" aria-describedby=\"gallery-1-14797\" srcset=\"https:\/\/www.colompac.com\/wp-content\/uploads\/2023\/07\/Detail_CP068_SK_V2.webp 500w, https:\/\/www.colompac.com\/wp-content\/uploads\/2023\/07\/Detail_CP068_SK_V2-150x150.webp 150w, https:\/\/www.colompac.com\/wp-content\/uploads\/2023\/07\/Detail_CP068_SK_V2-300x300.webp 300w, https:\/\/www.colompac.com\/wp-content\/uploads\/2023\/07\/Detail_CP068_SK_V2-200x200.webp 200w, https:\/\/www.colompac.com\/wp-content\/uploads\/2023\/07\/Detail_CP068_SK_V2-100x100.webp 100w, https:\/\/www.colompac.com\/wp-content\/uploads\/2023\/07\/Detail_CP068_SK_V2-380x380.webp 380w, https:\/\/www.colompac.com\/wp-content\/uploads\/2023\/07\/Detail_CP068_SK_V2-20x20.webp 20w, https:\/\/www.colompac.com\/wp-content\/uploads\/2023\/07\/Detail_CP068_SK_V2-190x190.webp 190w\" sizes=\"auto, (max-width: 500px) 100vw, 500px\" \/>\n\t\t\t<\/div>\n\t\t\t\t<figcaption class='wp-caption-text gallery-caption' id='gallery-1-14797'>\n\t\t\t\tColomPac\u00ae Selbstklebeverschluss \n\t\t\t\t<\/figcaption><\/figure><figure class='gallery-item'>\n\t\t\t<div class='gallery-icon landscape'>\n\t\t\t\t<img loading=\"lazy\" decoding=\"async\" width=\"500\" height=\"500\" src=\"https:\/\/www.colompac.com\/wp-content\/uploads\/2023\/07\/Detail_CP164_Druck_aussen_V2.webp\" class=\"attachment-full size-full\" alt=\"Wei\u00dfer, geschlossener Karton mit schwarzem Logo auf dem Deckel, \u201aBIKEPARTS AND LIFESTYLE\u2018 an der Seite.\" aria-describedby=\"gallery-1-14873\" srcset=\"https:\/\/www.colompac.com\/wp-content\/uploads\/2023\/07\/Detail_CP164_Druck_aussen_V2.webp 500w, https:\/\/www.colompac.com\/wp-content\/uploads\/2023\/07\/Detail_CP164_Druck_aussen_V2-150x150.webp 150w, https:\/\/www.colompac.com\/wp-content\/uploads\/2023\/07\/Detail_CP164_Druck_aussen_V2-300x300.webp 300w, https:\/\/www.colompac.com\/wp-content\/uploads\/2023\/07\/Detail_CP164_Druck_aussen_V2-200x200.webp 200w, https:\/\/www.colompac.com\/wp-content\/uploads\/2023\/07\/Detail_CP164_Druck_aussen_V2-100x100.webp 100w, https:\/\/www.colompac.com\/wp-content\/uploads\/2023\/07\/Detail_CP164_Druck_aussen_V2-380x380.webp 380w, https:\/\/www.colompac.com\/wp-content\/uploads\/2023\/07\/Detail_CP164_Druck_aussen_V2-20x20.webp 20w, https:\/\/www.colompac.com\/wp-content\/uploads\/2023\/07\/Detail_CP164_Druck_aussen_V2-190x190.webp 190w\" sizes=\"auto, (max-width: 500px) 100vw, 500px\" \/>\n\t\t\t<\/div>\n\t\t\t\t<figcaption class='wp-caption-text gallery-caption' id='gallery-1-14873'>\n\t\t\t\tGro\u00dfe bedruckbare Pr\u00e4sentationsfl\u00e4chen au\u00dfen&#8230;\n\t\t\t\t<\/figcaption><\/figure><figure class='gallery-item'>\n\t\t\t<div class='gallery-icon landscape'>\n\t\t\t\t<img loading=\"lazy\" decoding=\"async\" width=\"500\" height=\"500\" src=\"https:\/\/www.colompac.com\/wp-content\/uploads\/2023\/07\/Detail_CP164_Druck_innen_V2.webp\" class=\"attachment-full size-full\" alt=\"Offener Versandkarton mit Mountainbike-Motiv: 3D-Darstellung eines Trails mit \u201aTHANK\u2018, Bild eines Bikers im Decke und roter ColomPac\u00ae-Selbstklebeverschluss.\" aria-describedby=\"gallery-1-14877\" srcset=\"https:\/\/www.colompac.com\/wp-content\/uploads\/2023\/07\/Detail_CP164_Druck_innen_V2.webp 500w, https:\/\/www.colompac.com\/wp-content\/uploads\/2023\/07\/Detail_CP164_Druck_innen_V2-150x150.webp 150w, https:\/\/www.colompac.com\/wp-content\/uploads\/2023\/07\/Detail_CP164_Druck_innen_V2-300x300.webp 300w, https:\/\/www.colompac.com\/wp-content\/uploads\/2023\/07\/Detail_CP164_Druck_innen_V2-200x200.webp 200w, https:\/\/www.colompac.com\/wp-content\/uploads\/2023\/07\/Detail_CP164_Druck_innen_V2-100x100.webp 100w, https:\/\/www.colompac.com\/wp-content\/uploads\/2023\/07\/Detail_CP164_Druck_innen_V2-380x380.webp 380w, https:\/\/www.colompac.com\/wp-content\/uploads\/2023\/07\/Detail_CP164_Druck_innen_V2-20x20.webp 20w, https:\/\/www.colompac.com\/wp-content\/uploads\/2023\/07\/Detail_CP164_Druck_innen_V2-190x190.webp 190w\" sizes=\"auto, (max-width: 500px) 100vw, 500px\" \/>\n\t\t\t<\/div>\n\t\t\t\t<figcaption class='wp-caption-text gallery-caption' id='gallery-1-14877'>\n\t\t\t\t&#8230;und innen\n\t\t\t\t<\/figcaption><\/figure><figure class='gallery-item'>\n\t\t\t<div class='gallery-icon landscape'>\n\t\t\t\t<img loading=\"lazy\" decoding=\"async\" width=\"500\" height=\"500\" src=\"https:\/\/www.colompac.com\/wp-content\/uploads\/2023\/07\/Detail_CP068_AF_V2.webp\" class=\"attachment-full size-full\" alt=\"Nahaufnahme eines Kartons, der mit einem roten Aufrei\u00dffaden ge\u00f6ffnet wird.\" aria-describedby=\"gallery-1-14801\" srcset=\"https:\/\/www.colompac.com\/wp-content\/uploads\/2023\/07\/Detail_CP068_AF_V2.webp 500w, https:\/\/www.colompac.com\/wp-content\/uploads\/2023\/07\/Detail_CP068_AF_V2-150x150.webp 150w, https:\/\/www.colompac.com\/wp-content\/uploads\/2023\/07\/Detail_CP068_AF_V2-300x300.webp 300w, https:\/\/www.colompac.com\/wp-content\/uploads\/2023\/07\/Detail_CP068_AF_V2-200x200.webp 200w, https:\/\/www.colompac.com\/wp-content\/uploads\/2023\/07\/Detail_CP068_AF_V2-100x100.webp 100w, https:\/\/www.colompac.com\/wp-content\/uploads\/2023\/07\/Detail_CP068_AF_V2-380x380.webp 380w, https:\/\/www.colompac.com\/wp-content\/uploads\/2023\/07\/Detail_CP068_AF_V2-20x20.webp 20w, https:\/\/www.colompac.com\/wp-content\/uploads\/2023\/07\/Detail_CP068_AF_V2-190x190.webp 190w\" sizes=\"auto, (max-width: 500px) 100vw, 500px\" \/>\n\t\t\t<\/div>\n\t\t\t\t<figcaption class='wp-caption-text gallery-caption' id='gallery-1-14801'>\n\t\t\t\tEinfaches \u00d6ffnen durch integrierten Aufrei\u00dffaden\n\t\t\t\t<\/figcaption><\/figure>\n\t\t<\/div>\n\n<div class=\"responsive-embed widescreen youtube\"><iframe loading=\"lazy\" title=\"ColomPac\u00ae CP 164 Fashionbox \u2013 Trendige Versandboxen, die Eindruck machen.\" width=\"1170\" height=\"658\" src=\"https:\/\/www.youtube.com\/embed\/7_9GZfOnzxI?list=PLagn-HEc_TsP3yaACAxSsRN8qXJyRHPHI&#038;showinfo=0&#038;rel=0&#038;modestbranding=1\" frameborder=\"0\" allow=\"accelerometer; autoplay; clipboard-write; encrypted-media; gyroscope; picture-in-picture; web-share\" referrerpolicy=\"strict-origin-when-cross-origin\" allowfullscreen><\/iframe><\/div>\n","protected":false},"excerpt":{"rendered":"<h1><strong>Beim Versand schon ein Eyecatcher!<\/strong><\/h1>\n<h2>ColomPac\u00ae &#8211; Fashionbox<\/h2>\n<ul>\n<li>Versandsystem in 4 Gr\u00f6\u00dfen f\u00fcr den Textilversand<\/li>\n<li>Unboxing-Effekt und ansprechende Pr\u00e4sentation<\/li>\n<li>Hoher Werbewirkung durch gro\u00dfe, bedruckbare Pr\u00e4sentationsfl\u00e4chen &#8211; innen und au\u00dfen<\/li>\n<li>Wiederverwendbar durch St\u00fclpdeckel<\/li>\n<\/ul>\n","protected":false},"featured_media":19440,"comment_status":"open","ping_status":"closed","template":"","meta":[],"product_cat":[363],"product_tag":[367,175,178,176],"class_list":["post-12338","product","type-product","status-publish","has-post-thumbnail","hentry","product_cat-alle-produkte","product_tag-buendel","product_tag-fsc","product_tag-nachhaltig","product_tag-pap-20"],"acf":[],"jetpack_sharing_enabled":true,"_links":{"self":[{"href":"https:\/\/www.colompac.com\/de\/wp-json\/wp\/v2\/product\/12338","targetHints":{"allow":["GET"]}}],"collection":[{"href":"https:\/\/www.colompac.com\/de\/wp-json\/wp\/v2\/product"}],"about":[{"href":"https:\/\/www.colompac.com\/de\/wp-json\/wp\/v2\/types\/product"}],"replies":[{"embeddable":true,"href":"https:\/\/www.colompac.com\/de\/wp-json\/wp\/v2\/comments?post=12338"}],"wp:featuredmedia":[{"embeddable":true,"href":"https:\/\/www.colompac.com\/de\/wp-json\/wp\/v2\/media\/19440"}],"wp:attachment":[{"href":"https:\/\/www.colompac.com\/de\/wp-json\/wp\/v2\/media?parent=12338"}],"wp:term":[{"taxonomy":"product_cat","embeddable":true,"href":"https:\/\/www.colompac.com\/de\/wp-json\/wp\/v2\/product_cat?post=12338"},{"taxonomy":"product_tag","embeddable":true,"href":"https:\/\/www.colompac.com\/de\/wp-json\/wp\/v2\/product_tag?post=12338"}],"curies":[{"name":"wp","href":"https:\/\/api.w.org\/{rel}","templated":true}]}}