{"id":564,"date":"2023-03-14T15:46:04","date_gmt":"2023-03-14T14:46:04","guid":{"rendered":"https:\/\/colompac.wearelions.agency\/?page_id=564"},"modified":"2025-03-10T07:35:33","modified_gmt":"2025-03-10T06:35:33","slug":"das-original","status":"publish","type":"page","link":"https:\/\/www.colompac.com\/de\/das-original\/","title":{"rendered":"Das Original"},"content":{"rendered":"<section class=\"wpb-content-wrapper\">[vc_row thb_full_width=&#8221;true&#8221; el_class=&#8221;align-center&#8221; css=&#8221;.vc_custom_1685611581333{padding-top: 5vh !important;}&#8221;][vc_column el_class=&#8221;text-center&#8221;][vc_column_text]\n<h1 style=\"text-align: center;\">Warum <strong>das Original?<\/strong><\/h1>\n[\/vc_column_text][vc_separator color=&#8221;custom&#8221; border_width=&#8221;3&#8243; el_width=&#8221;20&#8243; accent_color=&#8221;#ffd600&#8243;][vc_empty_space height=&#8221;50px&#8221;][\/vc_column][\/vc_row][vc_row content_placement=&#8221;middle&#8221; css=&#8221;.vc_custom_1685611469450{background-color: #f4f4f4 !important;}&#8221;][vc_column width=&#8221;1\/2&#8243;][vc_single_image image=&#8221;14447&#8243; img_size=&#8221;large&#8221;][\/vc_column][vc_column width=&#8221;1\/2&#8243;][vc_column_text]\n<h1><strong>Qualit\u00e4t<\/strong><\/h1>\n<h3>ohne Kompromisse<\/h3>\n[\/vc_column_text][vc_column_text]Ihr Produkt muss sicher ankommen. Dazu braucht es Qualit\u00e4t ohne Kompromisse: Hochwertige Materialen, ColomPac\u00ae Selbstklebeverschluss, integrierter Aufrei\u00dffaden und durchdachte L\u00f6sungen. Alle ColomPac\u00ae Produkte entwickeln und produzieren wir in unserem eigenen Produktionsstandort in Hall in Tirol, mit gro\u00dfer Liebe f\u00fcr die Details. Damit auch Sie keine Kompromisse machen m\u00fcssen![\/vc_column_text][\/vc_column][\/vc_row][vc_row content_placement=&#8221;middle&#8221; css=&#8221;.vc_custom_1685611539660{background-color: #dddddd !important;}&#8221;][vc_column width=&#8221;1\/2&#8243;][vc_column_text]\n<h1><strong>Zuverl\u00e4ssig<\/strong><\/h1>\n<h3>sofort ab Lager<\/h3>\n[\/vc_column_text][vc_column_text]Ecommerce bedeutet Dynamik. Alles und das sofort. Um das zu erf\u00fcllen, bietet ColomPac\u00ae ein komplettes Sortiment. F\u00fcr fast jedes Produkt mindestens eine passende Versandl\u00f6sung sofort ab Lager. Von der traditionellen Buchverpackung bis zur Fashionbox. Von einer Packeinheit im Dropshipment bis zur Gro\u00dfmenge. Damit Sie das bekommen, was Sie brauchen. Und wann Sie es brauchen.[\/vc_column_text][\/vc_column][vc_column width=&#8221;1\/2&#8243;][vc_single_image image=&#8221;12810&#8243; img_size=&#8221;large&#8221;][\/vc_column][\/vc_row][vc_row content_placement=&#8221;middle&#8221; css=&#8221;.vc_custom_1685611469450{background-color: #f4f4f4 !important;}&#8221;][vc_column width=&#8221;1\/2&#8243;][vc_single_image image=&#8221;12814&#8243; img_size=&#8221;large&#8221;][\/vc_column][vc_column width=&#8221;1\/2&#8243;][vc_column_text]\n<h1><strong>Individuell f\u00fcr Sie<\/strong><\/h1>\n<h3>gestaltet und produziert<\/h3>\n[\/vc_column_text][vc_column_text]Sie wollen eine Verpackung speziell f\u00fcr Ihr Produkt oder Ihre Marke? Wir entwickeln gemeinsam mit Ihnen Ihre ma\u00dfgeschneiderte L\u00f6sung. Nahe am Onlinemarkt kennen wir die besonderen Herausforderungen, nicht nur was Technik und Produktion, sondern auch was Druck und Gestaltung betrifft. Damit Ihr Produkt und Ihre Marke auch wirklich ankommen.[\/vc_column_text][\/vc_column][\/vc_row][vc_row content_placement=&#8221;middle&#8221; css=&#8221;.vc_custom_1685611552681{background-color: #dddddd !important;}&#8221;][vc_column width=&#8221;1\/2&#8243;][vc_column_text]\n<h1><strong>Nachhaltig<\/strong><\/h1>\n<h3>mit hohem Anspruch<\/h3>\n[\/vc_column_text][vc_column_text]Nachhaltigkeit sollte mehr als ein Schlagwort sein. Wir gehen ehrlich mit diesem sensiblen Thema um. Wellpappe und Karton sind Naturmaterialien und lassen sich einfach und zu 100% recyclen. Unsere ColomPac\u00ae Produkte sind selbstverst\u00e4ndlich FSC\u00ae zertifiziert und werden regional in \u00d6sterreich produziert. Durch st\u00e4ndige Optimierung der Produkte, die Ber\u00fccksichtigung des optimierten Materialeinsatzes und wo m\u00f6glich Minimierung der Treibhausemissionen in der Wertsch\u00f6pfungskette, agieren wir verantwortungsvoll.<\/p>\n<p>Aber unser Anspruch geht weiter: Mehr Ideen statt mehr Material, durchdacht statt einfach kopiert \u2013 so machen wir ColomPac\u00ae zu einem immer besseren Produkt.[\/vc_column_text][\/vc_column][vc_column width=&#8221;1\/2&#8243;][vc_single_image image=&#8221;12818&#8243; img_size=&#8221;large&#8221;][\/vc_column][\/vc_row][vc_row content_placement=&#8221;middle&#8221; css=&#8221;.vc_custom_1685611469450{background-color: #f4f4f4 !important;}&#8221;][vc_column width=&#8221;1\/2&#8243;][vc_single_image image=&#8221;12822&#8243; img_size=&#8221;large&#8221;][\/vc_column][vc_column width=&#8221;1\/2&#8243;][vc_column_text]\n<h1><strong>Von Dinkhauser<\/strong><\/h1>\n<h3>in Tirol produziert<\/h3>\n[\/vc_column_text][vc_column_text]Original ColomPac\u00ae ist eine Marke von <strong><a href=\"https:\/\/www.dinkhauser.com\/lassen-sie-sich-inspirieren\/\" target=\"_blank\" rel=\"noopener\">Dinkhauser Kartonagen<\/a><\/strong>. Seit mehr als 175 Jahren entwickeln und produzieren wir hochwertige Versandverpackungen &#8211; ob Standard- oder individuell nach Ma\u00df. Unser hochmoderner Produktionsstandort in Verbindung mit modernster Entwicklung erm\u00f6glicht Verpackungsl\u00f6sungen der neuesten Generation f\u00fcr Handel, Industrie und E-Commerce. Am selben Standort ist im hauseigenen Druckzentrum Aristos unsere gesamte Offsetdruckkompetenz geb\u00fcndelt.<\/p>\n<p>Wir stehen hinter unseren ColomPac\u00ae Produkten, die wir f\u00fcr Sie entwickeln und produzieren. Gestern, heute und auch morgen.[\/vc_column_text][\/vc_column][\/vc_row]\n<\/section>","protected":false},"excerpt":{"rendered":"<p>[vc_row thb_full_width=&#8221;true&#8221; el_class=&#8221;align-center&#8221; css=&#8221;.vc_custom_1685611581333{padding-top: 5vh !important;}&#8221;][vc_column el_class=&#8221;text-center&#8221;][vc_column_text] Warum das Original? [\/vc_column_text][vc_separator color=&#8221;custom&#8221; border_width=&#8221;3&#8243; el_width=&#8221;20&#8243; accent_color=&#8221;#ffd600&#8243;][vc_empty_space height=&#8221;50px&#8221;][\/vc_column][\/vc_row][vc_row content_placement=&#8221;middle&#8221; css=&#8221;.vc_custom_1685611469450{background-color: #f4f4f4 !important;}&#8221;][vc_column width=&#8221;1\/2&#8243;][vc_single_image image=&#8221;14447&#8243; img_size=&#8221;large&#8221;][\/vc_column][vc_column width=&#8221;1\/2&#8243;][vc_column_text] Qualit\u00e4t ohne Kompromisse [\/vc_column_text][vc_column_text]Ihr Produkt muss sicher ankommen. Dazu braucht es Qualit\u00e4t ohne Kompromisse: Hochwertige Materialen, ColomPac\u00ae Selbstklebeverschluss, integrierter Aufrei\u00dffaden und durchdachte L\u00f6sungen. Alle ColomPac\u00ae Produkte entwickeln und produzieren wir in&hellip;<\/p>\n","protected":false},"author":1,"featured_media":0,"parent":0,"menu_order":0,"comment_status":"closed","ping_status":"closed","template":"","meta":{"footnotes":""},"class_list":["post-564","page","type-page","status-publish","hentry"],"acf":[],"jetpack_sharing_enabled":true,"_links":{"self":[{"href":"https:\/\/www.colompac.com\/de\/wp-json\/wp\/v2\/pages\/564","targetHints":{"allow":["GET"]}}],"collection":[{"href":"https:\/\/www.colompac.com\/de\/wp-json\/wp\/v2\/pages"}],"about":[{"href":"https:\/\/www.colompac.com\/de\/wp-json\/wp\/v2\/types\/page"}],"author":[{"embeddable":true,"href":"https:\/\/www.colompac.com\/de\/wp-json\/wp\/v2\/users\/1"}],"replies":[{"embeddable":true,"href":"https:\/\/www.colompac.com\/de\/wp-json\/wp\/v2\/comments?post=564"}],"version-history":[{"count":0,"href":"https:\/\/www.colompac.com\/de\/wp-json\/wp\/v2\/pages\/564\/revisions"}],"wp:attachment":[{"href":"https:\/\/www.colompac.com\/de\/wp-json\/wp\/v2\/media?parent=564"}],"curies":[{"name":"wp","href":"https:\/\/api.w.org\/{rel}","templated":true}]}}