{"id":4873,"date":"2023-04-24T21:14:18","date_gmt":"2023-04-24T19:14:18","guid":{"rendered":"https:\/\/colompac.wearelions.agency\/?page_id=4873"},"modified":"2026-02-12T15:18:58","modified_gmt":"2026-02-12T14:18:58","slug":"impressum","status":"publish","type":"page","link":"https:\/\/www.colompac.com\/de\/impressum\/","title":{"rendered":"Impressum"},"content":{"rendered":"<section class=\"wpb-content-wrapper\">[vc_row css=&#8221;.vc_custom_1682363791654{padding-top: 90px !important;padding-bottom: 90px !important;}&#8221;][vc_column][vc_column_text]\r\n<h1>Impressum<\/h1>\r\n[\/vc_column_text][vc_column_text]\r\n<p><strong>Unternehmensprofil &#8211; \u00d6sterreich, Angaben lt. E-Commerce-Gesetz EC\u00a75<\/strong><\/p>\r\n\r\n<p>&nbsp;<\/p>\r\n\r\n<figure class=\"wp-block-table\">\r\n<table>\r\n<tbody>\r\n<tr>\r\n<td>Firmenbezeichnung:<\/td>\r\n<td>Dinkhauser Kartonagen GmbH<\/td>\r\n<\/tr>\r\n<tr>\r\n<td>Postanschrift:<\/td>\r\n<td>Josef Dinkhauser Str. 1 6060 Hall in Tirol<\/td>\r\n<\/tr>\r\n<tr>\r\n<td>Telefonnummer:<\/td>\r\n<td>+43 5223\/5812-0<\/td>\r\n<\/tr>\r\n<tr>\r\n<td>Internet:<\/td>\r\n<td><a href=\"http:\/\/www.dinkhauser.com\">http:\/\/www.dinkhauser.com<\/a><\/td>\r\n<\/tr>\r\n<tr>\r\n<td>Email:<\/td>\r\n<td><a href=\"mailto:office@dinkhauser.at\">office@dinkhauser.at<\/a><\/td>\r\n<\/tr>\r\n<tr>\r\n<td>Rechtsform:<\/td>\r\n<td>Gesellschaft mit beschr\u00e4nkter Haftung<\/td>\r\n<\/tr>\r\n<tr>\r\n<td>Gesch\u00e4ftsf\u00fchrer:<\/td>\r\n<td>Paul Sch\u00e4fer, Katharina Sch\u00e4fer<\/td>\r\n<\/tr>\r\n<tr>\r\n<td>Firmenbuchnummer:<\/td>\r\n<td>FN 134687w Firmenbuchgericht Innsbruck<\/td>\r\n<\/tr>\r\n<tr>\r\n<td>UID Nr.:<\/td>\r\n<td>ATU 388 646 08<\/td>\r\n<\/tr>\r\n<tr>\r\n<td>Gerichtsstand:<\/td>\r\n<td>Innsbruck<\/td>\r\n<\/tr>\r\n<\/tbody>\r\n<\/table>\r\n<\/figure>\r\n\r\n<p><strong>Unternehmensprofil &#8211; Deutschland<\/strong><\/p>\r\n\r\n<p>&nbsp;<\/p>\r\n\r\n<figure class=\"wp-block-table\">\r\n<table>\r\n<tbody>\r\n<tr>\r\n<td>Firmenbezeichnung:<\/td>\r\n<td>Dinkhauser Kartonagen Vertriebs GmbH<\/td>\r\n<\/tr>\r\n<tr>\r\n<td>Postanschrift:<\/td>\r\n<td>Von Miller Strasse 12<br \/>D-93092 Barbing bei Regensburg<\/td>\r\n<\/tr>\r\n<tr>\r\n<td>Telefonnummer:<\/td>\r\n<td>+49 9401\/9259-0<\/td>\r\n<\/tr>\r\n<tr>\r\n<td>Fax:<\/td>\r\n<td>+49 9401\/9259-119<\/td>\r\n<\/tr>\r\n<tr>\r\n<td>Internet:<\/td>\r\n<td><a href=\"http:\/\/www.dinkhauser.com\" target=\"_blank\" rel=\"noreferrer noopener\">http:\/\/www.dinkhauser.com<\/a><\/td>\r\n<\/tr>\r\n<tr>\r\n<td>Email:<\/td>\r\n<td><a href=\"mailto:verkauf@dinkhauser.de\">verkauf@dinkhauser.de<\/a><\/td>\r\n<\/tr>\r\n<tr>\r\n<td>Rechtsform:<\/td>\r\n<td>Gesellschaft mit beschr\u00e4nkter Haftung<\/td>\r\n<\/tr>\r\n<tr>\r\n<td>Gesch\u00e4ftsf\u00fchrer:<\/td>\r\n<td>Paul Sch\u00e4fer, Stefan Lerchner<\/td>\r\n<\/tr>\r\n<tr>\r\n<td>Firmenbuchnummer:<\/td>\r\n<td>HRB 6783 Amtsgericht Regensburg<\/td>\r\n<\/tr>\r\n<tr>\r\n<td>UID Nr.:<\/td>\r\n<td>DE 812274150<\/td>\r\n<\/tr>\r\n<tr>\r\n<td>Gerichtsstand:<\/td>\r\n<td>Regensburg<\/td>\r\n<\/tr>\r\n<\/tbody>\r\n<\/table>\r\n<\/figure>\r\n\r\n<p><strong>Impressum &#8211; Offenlegung gem. Mediengesetz \u00a7 25<\/strong><\/p>\r\n\r\n<p>&nbsp;<\/p>\r\n\r\n<figure class=\"wp-block-table\">\r\n<table>\r\n<tbody>\r\n<tr>\r\n<td>Medieninhaber und Herausgeber:<\/td>\r\n<td>Dinkhauser Kartonagen GmbH Josef Dinkhauser Strasse 1 A-6060 Hall in Tirol<\/td>\r\n<\/tr>\r\n<tr>\r\n<td>Gesch\u00e4ftsf\u00fchrender Gesellschafter:<\/td>\r\n<td>Paul Sch\u00e4fer, Katharina Sch\u00e4fer<\/td>\r\n<\/tr>\r\n<tr>\r\n<td>Firmenbuchnummer:<\/td>\r\n<td>Eingetragen beim Handelsgericht Innsbruck Firmenbuch FN 134687W<\/td>\r\n<\/tr>\r\n<tr>\r\n<td>UID-Nr.:<\/td>\r\n<td>ATU 388 646 08<\/td>\r\n<\/tr>\r\n<tr>\r\n<td>DVR-Nr.:<\/td>\r\n<td>0471674<\/td>\r\n<\/tr>\r\n<tr>\r\n<td>Konzeption und Text:<\/td>\r\n<td>Marketing Dinkhauser Kartonagen<\/td>\r\n<\/tr>\r\n<tr>\r\n<td>Web Entwicklung:<\/td>\r\n<td><a href=\"https:\/\/www.lionsmedia.at\/\" target=\"_blank\" rel=\"noopener\">wearelions OG<\/a><\/td>\r\n<\/tr>\r\n<tr>\r\n<td>Design\/CD<\/td>\r\n<td><a href=\"http:\/\/www.dasbueroohnenamen.com\/\" target=\"_blank\" rel=\"noopener\">Das Buero ohne Namen<\/a><\/td>\r\n<\/tr>\r\n<\/tbody>\r\n<\/table>\r\n<\/figure>\r\n\r\n<p><strong>Gender-Hinweis<\/strong><\/p>\r\n\r\n<p>In unseren Publikationen wird aus Gr\u00fcnden der besseren Lesbarkeit oder Optik, auch wegen Platzmangel, manchmal nur die m\u00e4nnliche Form eines Begriffs benutzt (z. B. \u201e<em>Teilnehmer, Ausbilder, Kunde\u2026<\/em>\u201c).<\/p>\r\n\r\n<p><strong>Selbstverst\u00e4ndlich bezieht sich dieser Begriff sowohl auf weibliche, m\u00e4nnliche und diverse Personen.<\/strong><\/p>\r\n\r\n<p>&nbsp;<\/p>\r\n[\/vc_column_text][\/vc_column][\/vc_row]<\/section>","protected":false},"excerpt":{"rendered":"<p>[vc_row css=&#8221;.vc_custom_1682363791654{padding-top: 90px !important;padding-bottom: 90px !important;}&#8221;][vc_column][vc_column_text] Impressum [\/vc_column_text][vc_column_text] Unternehmensprofil &#8211; \u00d6sterreich, Angaben lt. E-Commerce-Gesetz EC\u00a75 &nbsp; Firmenbezeichnung: Dinkhauser Kartonagen GmbH Postanschrift: Josef Dinkhauser Str. 1 6060 Hall in Tirol Telefonnummer: +43 5223\/5812-0 Internet: http:\/\/www.dinkhauser.com Email: office@dinkhauser.at Rechtsform: Gesellschaft mit beschr\u00e4nkter Haftung Gesch\u00e4ftsf\u00fchrer: Paul Sch\u00e4fer, Katharina Sch\u00e4fer Firmenbuchnummer: FN 134687w Firmenbuchgericht Innsbruck UID Nr.: ATU 388&hellip;<\/p>\n","protected":false},"author":1,"featured_media":0,"parent":0,"menu_order":0,"comment_status":"closed","ping_status":"closed","template":"","meta":{"footnotes":""},"class_list":["post-4873","page","type-page","status-publish","hentry"],"acf":[],"jetpack_sharing_enabled":true,"_links":{"self":[{"href":"https:\/\/www.colompac.com\/de\/wp-json\/wp\/v2\/pages\/4873","targetHints":{"allow":["GET"]}}],"collection":[{"href":"https:\/\/www.colompac.com\/de\/wp-json\/wp\/v2\/pages"}],"about":[{"href":"https:\/\/www.colompac.com\/de\/wp-json\/wp\/v2\/types\/page"}],"author":[{"embeddable":true,"href":"https:\/\/www.colompac.com\/de\/wp-json\/wp\/v2\/users\/1"}],"replies":[{"embeddable":true,"href":"https:\/\/www.colompac.com\/de\/wp-json\/wp\/v2\/comments?post=4873"}],"version-history":[{"count":0,"href":"https:\/\/www.colompac.com\/de\/wp-json\/wp\/v2\/pages\/4873\/revisions"}],"wp:attachment":[{"href":"https:\/\/www.colompac.com\/de\/wp-json\/wp\/v2\/media?parent=4873"}],"curies":[{"name":"wp","href":"https:\/\/api.w.org\/{rel}","templated":true}]}}